{"id":8141,"date":"2021-04-07T15:42:37","date_gmt":"2021-04-07T22:42:37","guid":{"rendered":"https:\/\/www.lmvna.org\/?page_id=8141"},"modified":"2026-02-03T13:58:53","modified_gmt":"2026-02-03T21:58:53","slug":"patient-and-families-resources","status":"publish","type":"page","link":"https:\/\/www.lmvna.org\/es\/resources\/patient-and-families-resources\/","title":{"rendered":"Patient and Families Resources"},"content":{"rendered":"<div     class=\"vc_row wpb_row section vc_row-fluid\" style='background-image:url(https:\/\/www.lmvna.org\/wp-content\/uploads\/2021\/04\/hand_holding_lmvna.jpg); padding-top:50pxpx; padding-bottom:50pxpx; text-align:left;'><div class=\"full_section_inner clearfix\"><div class=\"element_from_fade\"><div><div class=\"wpb_animate_when_almost_visible wpb_fadeIn fadeIn wpb_column vc_column_container vc_col-sm-12\"><div class=\"vc_column-inner\"><div class=\"wpb_wrapper\"><div class=\"vc_empty_space\"   style=\"height: 500px\"><span class=\"vc_empty_space_inner\"><\/span><\/div><\/div><\/div><\/div><\/div><\/div><\/div><\/div><div     class=\"vc_row wpb_row section vc_row-fluid vc_custom_1617834168604 grid_section\" style=' text-align:left;'><div class=\"section_inner clearfix\"><div class='section_inner_margin clearfix'><div class=\"wpb_animate_when_almost_visible wpb_fadeIn fadeIn wpb_column vc_column_container vc_col-sm-12\"><div class=\"vc_column-inner\"><div class=\"wpb_wrapper\"><div class=\"vc_empty_space\"   style=\"height: 10px\"><span class=\"vc_empty_space_inner\"><\/span><\/div>\n\t<div class=\"wpb_text_column wpb_content_element\">\n\t\t<div class=\"wpb_wrapper\">\n\t\t\t<h2 style=\"text-align: center;\"><span style=\"color: #ffffff;\">\u00a0Paciente y familia <\/span><span style=\"color: #ffffff;\">Recursos<\/span><\/h2>\n\n\t\t<\/div> \n\t<\/div> <div class=\"vc_empty_space\"   style=\"height: 8px\"><span class=\"vc_empty_space_inner\"><\/span><\/div><\/div><\/div><\/div><\/div><\/div><\/div><div     class=\"vc_row wpb_row section vc_row-fluid  grid_section\" style=' text-align:left;'><div class=\"section_inner clearfix\"><div class='section_inner_margin clearfix'><div class=\"wpb_column vc_column_container vc_col-sm-12\"><div class=\"vc_column-inner\"><div class=\"wpb_wrapper\"><div class=\"vc_empty_space\"   style=\"height: 5px\"><span class=\"vc_empty_space_inner\"><\/span><\/div><div class=\"separator titleborder small left\" style=\"border-color: #92C1E9;border-width:11px;width:150px;margin-top:30px;margin-bottom:30px\"><\/div>\n\n\t<div class=\"wpb_text_column wpb_content_element\">\n\t\t<div class=\"wpb_wrapper\">\n\t\t\t<p style=\"text-align: center;\">Haga clic en cualquiera de los enlaces a continuaci\u00f3n para abrir el recurso en PDF.<\/p>\n\n\t\t<\/div> \n\t<\/div> <div class=\"vc_empty_space\"   style=\"height: 50px\"><span class=\"vc_empty_space_inner\"><\/span><\/div><\/div><\/div><\/div><\/div><\/div><\/div><div     class=\"vc_row wpb_row section vc_row-fluid\" style=' text-align:left;'><div class=\"full_section_inner clearfix\"><div class=\"wpb_column vc_column_container vc_col-sm-1\/5\"><div class=\"vc_column-inner\"><div class=\"wpb_wrapper\">\n\t<div class=\"wpb_text_column wpb_content_element  jobtitle vc_custom_1751402912279\">\n\t\t<div class=\"wpb_wrapper\">\n\t\t\t<h3>Recursos para cuidadores<\/h3>\n<h5><a href=\"https:\/\/www.lmvna.org\/wp-content\/uploads\/2025\/07\/When-is-it-time-for-a-caregiver_070125.pdf\">\u00bfEs hora de contratar a un cuidador?<\/a><br \/>\n<a href=\"https:\/\/www.lmvna.org\/wp-content\/uploads\/2025\/07\/Fall_Prevention_Checklist_070125.pdf\">Lista de verificaci\u00f3n de prevenci\u00f3n de ca\u00eddas<\/a><\/h5>\n\n\t\t<\/div> \n\t<\/div> <\/div><\/div><\/div><div class=\"wpb_column vc_column_container vc_col-sm-1\/5\"><div class=\"vc_column-inner\"><div class=\"wpb_wrapper\">\n\t<div class=\"wpb_text_column wpb_content_element  jobtitle vc_custom_1770155928287\">\n\t\t<div class=\"wpb_wrapper\">\n\t\t\t<h3>Recursos de salud en el hogar<strong><br \/>\n<\/strong><\/h3>\n<h5><a href=\"https:\/\/www.lmvna.org\/wp-content\/uploads\/2025\/03\/Admission_Service_Policy_022025.pdf\" target=\"_blank\" rel=\"noopener\">Admission Service Policy<\/a><br \/>\n<a href=\"https:\/\/www.lmvna.org\/wp-content\/uploads\/2019\/10\/ProtectFamilyFromSkinCancer.pdf\">Seguridad solar <\/a><br \/>\n<a href=\"https:\/\/www.flipsnack.com\/lmvna\/home-health-start-of-care-english-vu8493m1ci\/full-view.html\" target=\"_blank\" rel=\"noopener\">Home Health Start of Care<\/a> (English)<br \/>\n<a href=\"https:\/\/www.lmvna.org\/wp-content\/uploads\/2026\/02\/Notice-of-Nondiscrimination-2026-1.pdf\" target=\"_blank\" rel=\"noopener\">Notice of Nondiscrimination<\/a><br \/>\n<a href=\"https:\/\/www.lmvna.org\/wp-content\/uploads\/2026\/02\/HomeHealth_SOC_Notice-of-Privacy-Rights-2026-2.pdf\" target=\"_blank\" rel=\"noopener\"><span data-olk-copy-source=\"MessageBody\">Notice of Privacy Rights \u2013 Additional Federal Privacy Protections<\/span><\/a><\/h5>\n\n\t\t<\/div> \n\t<\/div> <\/div><\/div><\/div><div class=\"wpb_column vc_column_container vc_col-sm-1\/5\"><div class=\"vc_column-inner\"><div class=\"wpb_wrapper\">\n\t<div class=\"wpb_text_column wpb_content_element  jobtitle vc_custom_1751309192983\">\n\t\t<div class=\"wpb_wrapper\">\n\t\t\t<h3>Recursos paliativos<strong><br \/>\n<\/strong><\/h3>\n<h5 style=\"text-align: left;\"><a href=\"https:\/\/www.lmvna.org\/wp-content\/uploads\/2025\/03\/What_Is_POLST_031825.pdf\">\u00bfQu\u00e9 es POLST?<\/a><br \/>\n<a href=\"https:\/\/www.lmvna.org\/wp-content\/uploads\/2025\/06\/E-WhatIsPalliativeCare-061725-01.pdf\" target=\"_blank\" rel=\"noopener\">What Is Palliative Care?<\/a><br \/>\n<a href=\"https:\/\/www.lmvna.org\/wp-content\/uploads\/2025\/06\/E-WhenPalliativeHelps-061725-01.pdf\" target=\"_blank\" rel=\"noopener\">When Can Palliative Care Help?<\/a><\/h5>\n\n\t\t<\/div> \n\t<\/div> <\/div><\/div><\/div><div class=\"wpb_column vc_column_container vc_col-sm-1\/5\"><div class=\"vc_column-inner\"><div class=\"wpb_wrapper\">\n\t<div class=\"wpb_text_column wpb_content_element  jobtitle vc_custom_1757360275518\">\n\t\t<div class=\"wpb_wrapper\">\n\t\t\t<h3>Recursos de cuidados paliativos<\/h3>\n<h5><a href=\"https:\/\/www.lmvna.org\/wp-content\/uploads\/2025\/03\/Admission_Service_Policy_022025.pdf\" target=\"_blank\" rel=\"noopener\">Admission Service Policy<\/a><br \/>\n<a href=\"https:\/\/www.lmvna.org\/wp-content\/uploads\/2025\/09\/Living_With_Hospice_070125.pdf\" target=\"_blank\" rel=\"noopener\">Vivir con cuidados paliativos<\/a><br \/>\n<a href=\"https:\/\/www.lmvna.org\/wp-content\/uploads\/2025\/06\/E-WhenHospiceHelps-061925-1.pdf\" target=\"_blank\" rel=\"noopener\">\u00bfCu\u00e1ndo pueden ayudar los cuidados paliativos?<\/a><br \/>\n<a href=\"https:\/\/www.lmvna.org\/wp-content\/uploads\/2025\/06\/S-WhenHospiceHelps-SPAN-101925-1.pdf\" target=\"_blank\" rel=\"noopener\">When Can Hospice Help? (Spanish)<\/a><br \/>\n<a href=\"https:\/\/www.lmvna.org\/wp-content\/uploads\/2025\/06\/E-WhatIsHospice-061925-1.pdf\" target=\"_blank\" rel=\"noopener\">\u00bfQu\u00e9 es el hospicio?<\/a><br \/>\n<a href=\"https:\/\/www.lmvna.org\/wp-content\/uploads\/2025\/06\/S-WhatIsHospice-SPAN-061925-1.pdf\" target=\"_blank\" rel=\"noopener\">What Is Hospice? (Spanish)<\/a><br \/>\n<a href=\"https:\/\/www.lmvna.org\/wp-content\/uploads\/2025\/06\/E-WhereHospiceCare-061925-1.pdf\" target=\"_blank\" rel=\"noopener\">\u00bfD\u00f3nde pueden los pacientes recibir cuidados paliativos?<\/a><br \/>\n<a href=\"https:\/\/www.lmvna.org\/wp-content\/uploads\/2025\/03\/WhatServices_HospiceBenefits_030525FNL.pdf\" target=\"_blank\" rel=\"noopener\">\u00bfQu\u00e9 es el beneficio de cuidados paliativos de Medicare?<\/a><br \/>\n<a href=\"https:\/\/www.lmvna.org\/wp-content\/uploads\/2025\/03\/HospiceMyths_030525FNL.pdf\" target=\"_blank\" rel=\"noopener\">\u00bfDesmentir los mitos del hospicio?<\/a><\/h5>\n\n\t\t<\/div> \n\t<\/div> <\/div><\/div><\/div><div class=\"wpb_column vc_column_container vc_col-sm-1\/5\"><div class=\"vc_column-inner\"><div class=\"wpb_wrapper\">\n\t<div class=\"wpb_text_column wpb_content_element  vc_custom_1745865263669\">\n\t\t<div class=\"wpb_wrapper\">\n\t\t\t<h3>Dolor y duelo<\/h3>\n\n\t\t<\/div> \n\t<\/div> <\/div><\/div><\/div><\/div><\/div><div     class=\"vc_row wpb_row section vc_row-fluid\" style=' text-align:left;'><div class=\"full_section_inner clearfix\"><div class=\"wpb_column vc_column_container vc_col-sm-12\"><div class=\"vc_column-inner\"><div class=\"wpb_wrapper\"><div class=\"vc_empty_space\"   style=\"height: 70px\"><span class=\"vc_empty_space_inner\"><\/span><\/div><\/div><\/div><\/div><\/div><\/div><div     class=\"vc_row wpb_row section vc_row-fluid\" style=' text-align:left;'><div class=\"full_section_inner clearfix\"><div class=\"wpb_column vc_column_container vc_col-sm-1\/5\"><div class=\"vc_column-inner\"><div class=\"wpb_wrapper\">\n\t<div class=\"wpb_text_column wpb_content_element  vc_custom_1745865254392\">\n\t\t<div class=\"wpb_wrapper\">\n\t\t\t<h3><span style=\"color: #ff0000;\">Emergency Resources<\/span><\/h3>\n<h5><span style=\"color: #0057b7;\"><strong><a style=\"color: #0057b7;\" href=\"https:\/\/www.vcemergency.com\/\" target=\"_blank\" rel=\"noopener\">VC Emergency<\/a><br \/>\n<a style=\"color: #0057b7;\" href=\"https:\/\/www.readyventuracounty.org\/vc-alert\/\" target=\"_blank\" rel=\"noopener\">Ready Ventura County<\/a><\/strong><\/span><br \/>\n<span style=\"color: #0057b7;\"><a style=\"color: #0057b7;\" href=\"https:\/\/www.cityofventura.ca.gov\/2570\/Emergency-Alert\" target=\"_blank\" rel=\"noopener\"><strong>City of Ventura<\/strong><\/a><\/span><br \/>\n<span style=\"color: #0057b7;\"><a style=\"color: #0057b7;\" href=\"https:\/\/www.ventura.org\/emergency-services\/\" target=\"_blank\" rel=\"noopener\"><strong>Ventura.org<\/strong><\/a><\/span><br \/>\n<span style=\"color: #0057b7;\"><a style=\"color: #0057b7;\" href=\"https:\/\/www.vcaaa.org\/our-services\/emergency-services\/\" target=\"_blank\" rel=\"noopener\"><strong>VCAAA<\/strong><\/a><\/span><\/h5>\n\n\t\t<\/div> \n\t<\/div> <\/div><\/div><\/div><div class=\"wpb_column vc_column_container vc_col-sm-1\/5\"><div class=\"vc_column-inner\"><div class=\"wpb_wrapper\">\n\t<div class=\"wpb_text_column wpb_content_element  jobtitle vc_custom_1752696711780\">\n\t\t<div class=\"wpb_wrapper\">\n\t\t\t<h3>Educaci\u00f3n comunitaria<\/h3>\n<h5><a href=\"https:\/\/www.lmvna.org\/es\/calendar\/month\/?tribe-bar-search=joint+replacement\" target=\"_blank\" rel=\"noopener\">Joint Replacement Classes<\/a><br \/>\n<a href=\"https:\/\/www.lmvna.org\/es\/calendar\/month\/?tribe-bar-search=diabetes\">Clases de diabetes<\/a><br \/>\n<a href=\"https:\/\/www.lmvna.org\/wp-content\/uploads\/2025\/07\/Aging-Brain-Flyer-07072025.pdf\" target=\"_blank\" rel=\"noopener\">Path To Positive Aging Series &#8211; August 12th<\/a><\/h5>\n\n\t\t<\/div> \n\t<\/div> <\/div><\/div><\/div><div class=\"wpb_column vc_column_container vc_col-sm-1\/5\"><div class=\"vc_column-inner\"><div class=\"wpb_wrapper\">\n\t<div class=\"wpb_text_column wpb_content_element  jobtitle vc_custom_1761005808213\">\n\t\t<div class=\"wpb_wrapper\">\n\t\t\t<h3>Boletines<\/h3>\n<h5><a href=\"https:\/\/www.lmvna.org\/wp-content\/uploads\/2025\/10\/Visitors-FALL-2025_175080r2.pdf\" target=\"_blank\" rel=\"noopener\">Fall 2025<\/a><br \/>\n<a href=\"https:\/\/www.lmvna.org\/wp-content\/uploads\/2025\/07\/Visitors-SUMMER-2025-FINAL.pdf\" target=\"_blank\" rel=\"noopener\">Summer 2025<\/a><br \/>\n<a href=\"https:\/\/www.lmvna.org\/wp-content\/uploads\/2025\/07\/Livingston-Visitors-SPRING-2025-FINAL.pdf\" target=\"_blank\" rel=\"noopener\">Spring 2025<\/a><br \/>\n<a href=\"https:\/\/www.lmvna.org\/wp-content\/uploads\/2024\/12\/Visitors-WINTER2024-110224-FINAL.pdf\" target=\"_blank\" rel=\"noopener\">Winter 2024<\/a><\/h5>\n\n\t\t<\/div> \n\t<\/div> <\/div><\/div><\/div><div class=\"wpb_column vc_column_container vc_col-sm-1\/5\"><div class=\"vc_column-inner\"><div class=\"wpb_wrapper\">\n\t<div class=\"wpb_text_column wpb_content_element  jobtitle vc_custom_1752512788286\">\n\t\t<div class=\"wpb_wrapper\">\n\t\t\t<h3>Informes anuales<\/h3>\n<h5><a href=\"https:\/\/www.flipsnack.com\/lmvna\/annual-report-2024\/full-view.html\">Annual Report 2024<\/a><br \/>\n<a href=\"https:\/\/www.flipsnack.com\/lmvna\/impact-report-2023\/full-view.html\">Annual Report 2023<\/a><br \/>\n<a href=\"https:\/\/www.flipsnack.com\/lmvna\/2022-impact-report-7c3gl8n7t9.html\" target=\"_blank\" rel=\"noopener\">Informe Anual 2022<\/a><\/h5>\n\n\t\t<\/div> \n\t<\/div> <\/div><\/div><\/div><div class=\"wpb_column vc_column_container vc_col-sm-1\/5\"><div class=\"vc_column-inner\"><div class=\"wpb_wrapper\">\n\t<div class=\"wpb_text_column wpb_content_element  jobtitle vc_custom_1752521822139\">\n\t\t<div class=\"wpb_wrapper\">\n\t\t\t<h3>Seminarios web<\/h3>\n<p><strong><span style=\"color: #3366ff;\"><a style=\"color: #3366ff;\" href=\"https:\/\/www.lmvna.org\/es\/webinars\/\">Click Here To Learn More.<\/a><\/span><\/strong><\/p>\n\n\t\t<\/div> \n\t<\/div> <\/div><\/div><\/div><\/div><\/div><div     class=\"vc_row wpb_row section vc_row-fluid\" style=' text-align:left;'><div class=\"full_section_inner clearfix\"><div class=\"wpb_column vc_column_container vc_col-sm-12\"><div class=\"vc_column-inner\"><div class=\"wpb_wrapper\"><div class=\"vc_empty_space\"   style=\"height: 60px\"><span class=\"vc_empty_space_inner\"><\/span><\/div><\/div><\/div><\/div><\/div><\/div>","protected":false},"excerpt":{"rendered":"\u00a0Patient &amp; Family Resources Please click on any of the links below to open up the PDF resource. CareGiver Resources Is It Time To Hire A Caregiver? Fall Prevention Checklist Home Health Resources Admission Service Policy Sun Safety Home Health Start of Care (English) Notice...","protected":false},"author":6,"featured_media":0,"parent":8083,"menu_order":0,"comment_status":"closed","ping_status":"closed","template":"full_width.php","meta":{"_monsterinsights_skip_tracking":false,"_monsterinsights_sitenote_active":false,"_monsterinsights_sitenote_note":"","_monsterinsights_sitenote_category":0,"footnotes":""},"class_list":["post-8141","page","type-page","status-publish","hentry"],"_links":{"self":[{"href":"https:\/\/www.lmvna.org\/es\/wp-json\/wp\/v2\/pages\/8141"}],"collection":[{"href":"https:\/\/www.lmvna.org\/es\/wp-json\/wp\/v2\/pages"}],"about":[{"href":"https:\/\/www.lmvna.org\/es\/wp-json\/wp\/v2\/types\/page"}],"author":[{"embeddable":true,"href":"https:\/\/www.lmvna.org\/es\/wp-json\/wp\/v2\/users\/6"}],"replies":[{"embeddable":true,"href":"https:\/\/www.lmvna.org\/es\/wp-json\/wp\/v2\/comments?post=8141"}],"version-history":[{"count":63,"href":"https:\/\/www.lmvna.org\/es\/wp-json\/wp\/v2\/pages\/8141\/revisions"}],"predecessor-version":[{"id":21945,"href":"https:\/\/www.lmvna.org\/es\/wp-json\/wp\/v2\/pages\/8141\/revisions\/21945"}],"up":[{"embeddable":true,"href":"https:\/\/www.lmvna.org\/es\/wp-json\/wp\/v2\/pages\/8083"}],"wp:attachment":[{"href":"https:\/\/www.lmvna.org\/es\/wp-json\/wp\/v2\/media?parent=8141"}],"curies":[{"name":"wp","href":"https:\/\/api.w.org\/{rel}","templated":true}]}}