{"id":4989,"date":"2020-06-10T10:11:30","date_gmt":"2020-06-10T17:11:30","guid":{"rendered":"https:\/\/www.lmvna.org\/?page_id=4989"},"modified":"2025-05-08T12:11:43","modified_gmt":"2025-05-08T19:11:43","slug":"patientcaregivers","status":"publish","type":"page","link":"https:\/\/www.lmvna.org\/es\/welcome\/patientcaregivers\/","title":{"rendered":"Patient Caregivers"},"content":{"rendered":"<div     class=\"vc_row wpb_row section vc_row-fluid\" style=' text-align:center;'><div class=\"full_section_inner clearfix\"><div class=\"wpb_animate_when_almost_visible wpb_slideInRight slideInRight wpb_column vc_column_container vc_col-sm-6\"><div class=\"vc_column-inner\"><div class=\"wpb_wrapper\">\n\t<div class=\"wpb_single_image wpb_content_element vc_align_left  element_from_left\">\n\t\t<div class=\"wpb_wrapper\">\n\t\t\t\n\t\t\t<div class=\"vc_single_image-wrapper   vc_box_border_grey\"><img loading=\"lazy\" decoding=\"async\" class=\"vc_single_image-img\" src=\"https:\/\/www.lmvna.org\/wp-content\/uploads\/2020\/11\/caregiver_welcome-995x500.jpg\" width=\"995\" height=\"500\" alt=\"caregiver_welcome\" title=\"caregiver_welcome\" \/><\/div>\n\t\t<\/div>\n\t<\/div>\n<\/div><\/div><\/div><div class=\"wpb_column vc_column_container vc_col-sm-6\"><div class=\"vc_column-inner vc_custom_1604522929299\"><div class=\"wpb_wrapper\"><div class=\"vc_empty_space\"   style=\"height: 50px\"><span class=\"vc_empty_space_inner\"><\/span><\/div>\n\t<div class=\"wpb_text_column wpb_content_element  vc_custom_1610151666007\">\n\t\t<div class=\"wpb_wrapper\">\n\t\t\t<h4 style=\"text-align: right;\"><a href=\"http:\/\/www.lmvna.org\/es\/welcome\/\"><strong>Back to Patient Resources<\/strong><\/a><\/h4>\n\n\t\t<\/div> \n\t<\/div> <div class=\"vc_empty_space\"   style=\"height: 70px\"><span class=\"vc_empty_space_inner\"><\/span><\/div>\n\t<div class=\"wpb_text_column wpb_content_element\">\n\t\t<div class=\"wpb_wrapper\">\n\t\t\t<h1 style=\"text-align: center;\">Cuidadores<\/h1>\n\n\t\t<\/div> \n\t<\/div> <div class=\"vc_empty_space\"   style=\"height: 5px\"><span class=\"vc_empty_space_inner\"><\/span><\/div><div class=\"separator titleborder small right\" style=\"border-color: #92c1e9;border-width:11px;width:250px;margin-top:30px;margin-bottom:30px\"><\/div>\n<div class=\"vc_empty_space\"   style=\"height: 10px\"><span class=\"vc_empty_space_inner\"><\/span><\/div><\/div><\/div><\/div><\/div><\/div><div     class=\"vc_row wpb_row section vc_row-fluid vc_custom_1590709897819\" style=' text-align:left;'><div class=\"full_section_inner clearfix\"><div class=\"wpb_animate_when_almost_visible wpb_fadeIn fadeIn wpb_column vc_column_container vc_col-sm-4\"><div class=\"vc_column-inner\"><div class=\"wpb_wrapper\"><div class=\"vc_empty_space\"   style=\"height: 30px\"><span class=\"vc_empty_space_inner\"><\/span><\/div><div class=\"cq-accordion2\" style=\"width:100%;\" data-titlecolor=\"#ffffff\" data-titlebg=\"#7a99ac\" data-titlehoverbg=\"#003b5c\" data-titlehovercolor=\"#1e73be\" data-displayfirst=\"\"><dl><dt><a class=\"accordionTitle\" style=\"background-color:#7a99ac;background-image:url();padding:;color:#ffffff;border-color:;\" href=\"#\"><i class=\"accordion-icon\">+<\/i><span style=\"font-size:25px;\">Beginning With Caregiving<\/span><\/a><\/dt><dd class=\"accordionItem accordionItemCollapsed\"><div class=\"accordion-content\" style=\"background-color:#003b5c;color:#ffffff;font-size:10px;\"><\/p>\n<h3 style=\"text-align: left;\"><span style=\"color: #ffffff;\"><a style=\"color: #ffffff;\" href=\"https:\/\/www.flipsnack.com\/lmvna\/home-health-start-of-care-english\/full-view.html\" target=\"_blank\" rel=\"noopener noreferrer\"><strong>Caregiver Start of Care<\/strong><\/a><br \/>\n<\/span><\/h3>\n<hr \/>\n<h3 style=\"text-align: left;\"><\/h3>\n<p><\/div><\/dd><\/dl><\/div><div class=\"vc_empty_space\"   style=\"height: 30px\"><span class=\"vc_empty_space_inner\"><\/span><\/div><\/div><\/div><\/div><div class=\"wpb_animate_when_almost_visible wpb_fadeIn fadeIn wpb_column vc_column_container vc_col-sm-4\"><div class=\"vc_column-inner\"><div class=\"wpb_wrapper\"><div class=\"vc_empty_space\"   style=\"height: 30px\"><span class=\"vc_empty_space_inner\"><\/span><\/div><div class=\"cq-accordion2\" style=\"width:100%;\" data-titlecolor=\"#ffffff\" data-titlebg=\"#7a99ac\" data-titlehoverbg=\"#003b5c\" data-titlehovercolor=\"#1e73be\" data-displayfirst=\"\"><dl><dt><a class=\"accordionTitle\" style=\"background-color:#7a99ac;background-image:url();padding:;color:#ffffff;border-color:;\" href=\"#\"><i class=\"accordion-icon\">+<\/i><span style=\"font-size:25px;\">COVID19<\/span><\/a><\/dt><dd class=\"accordionItem accordionItemCollapsed\"><div class=\"accordion-content\" style=\"background-color:#003b5c;color:#ffffff;font-size:10px;\"><\/p>\n<h3 style=\"text-align: left;\"><span style=\"color: #ffffff;\"><strong><a style=\"color: #ffffff;\" href=\"https:\/\/www.lmvna.org\/es\/welcome\/patient-home-health\/caregivingduringcovid\/\">Caregiving During COVID-19<\/a><br \/>\n<\/strong><\/span><\/h3>\n<hr \/>\n<h3 style=\"text-align: left;\"><span style=\"color: #ffffff;\"><strong><a style=\"color: #ffffff;\" href=\"https:\/\/www.lmvna.org\/wp-content\/uploads\/2020\/06\/CDC-patient-face-coverings.pdf\" target=\"_blank\" rel=\"noopener noreferrer\">CDC Face Covering<\/a><br \/>\n<\/strong><\/span><\/h3>\n<hr \/>\n<h3 style=\"text-align: left;\"><\/h3>\n<h3 style=\"text-align: left;\"><span style=\"color: #ffffff;\"><strong><a style=\"color: #ffffff;\" href=\"https:\/\/www.lmvna.org\/wp-content\/uploads\/2020\/06\/Preventing_the_Spread_of_Coronavirus_Disease_2019_in_Homes050120200001.pdf\">Preventing The Spread of COVID19<\/a><br \/>\n<\/strong><\/span><\/h3>\n<hr \/>\n<h3 style=\"text-align: left;\"><\/h3>\n<p><\/div><\/dd><\/dl><\/div><div class=\"vc_empty_space\"   style=\"height: 30px\"><span class=\"vc_empty_space_inner\"><\/span><\/div><\/div><\/div><\/div><div class=\"wpb_animate_when_almost_visible wpb_fadeIn fadeIn wpb_column vc_column_container vc_col-sm-4\"><div class=\"vc_column-inner\"><div class=\"wpb_wrapper\"><div class=\"vc_empty_space\"   style=\"height: 30px\"><span class=\"vc_empty_space_inner\"><\/span><\/div><div class=\"cq-accordion2\" style=\"width:100%;\" data-titlecolor=\"#ffffff\" data-titlebg=\"#7a99ac\" data-titlehoverbg=\"#003b5c\" data-titlehovercolor=\"#1e73be\" data-displayfirst=\"\"><dl><dt><a class=\"accordionTitle\" style=\"background-color:#7a99ac;background-image:url();padding:;color:#ffffff;border-color:;\" href=\"#\"><i class=\"accordion-icon\">+<\/i><span style=\"font-size:25px;\">Recursos<\/span><\/a><\/dt><dd class=\"accordionItem accordionItemCollapsed\"><div class=\"accordion-content\" style=\"background-color:#003b5c;color:#ffffff;font-size:10px;\"><\/p>\n<h3><span style=\"color: #ffffff;\"><strong><a style=\"color: #ffffff;\" href=\"https:\/\/www.lmvna.org\/wp-content\/uploads\/2019\/10\/When_To_Hire_Caregiver10302019000001.pdf\" target=\"_blank\" rel=\"noopener noreferrer\">When To Hire a Caregiver<\/a><\/strong><strong><br \/>\n<\/strong><\/span><\/h3>\n<hr \/>\n<h3><a href=\"https:\/\/www.lmvna.org\/wp-content\/uploads\/2019\/10\/Fall-Prevention-Checklist_081519.pdf\" target=\"_blank\" rel=\"noopener noreferrer\"><span style=\"color: #ffffff;\"><strong>Lista de verificaci\u00f3n de prevenci\u00f3n de ca\u00eddas<\/strong><\/span><\/a><\/h3>\n<p><\/div><\/dd><\/dl><\/div><div class=\"vc_empty_space\"   style=\"height: 30px\"><span class=\"vc_empty_space_inner\"><\/span><\/div><\/div><\/div><\/div><\/div><\/div><div     class=\"vc_row wpb_row section vc_row-fluid\" style='background-color:#003b5c; text-align:left;'><div class=\"full_section_inner clearfix\"><div class=\"wpb_column vc_column_container vc_col-sm-12\"><div class=\"vc_column-inner\"><div class=\"wpb_wrapper\"><div class=\"vc_empty_space\"   style=\"height: 20px\"><span class=\"vc_empty_space_inner\"><\/span><\/div>\n\t<div class=\"wpb_text_column wpb_content_element\">\n\t\t<div class=\"wpb_wrapper\">\n\t\t\t<p style=\"text-align: center;\"><span style=\"color: #ffffff;\"><a style=\"color: #ffffff;\" href=\"http:\/\/www.lmvna.org\/es\/caregivers\/\">For any questions, click here to contact us<\/a><\/span><\/p>\n\n\t\t<\/div> \n\t<\/div> <div class=\"vc_empty_space\"   style=\"height: 20px\"><span class=\"vc_empty_space_inner\"><\/span><\/div><\/div><\/div><\/div><\/div><\/div>","protected":false},"excerpt":{"rendered":"Back to Patient Resources Caregivers +Beginning With Caregiving Caregiver Start of Care +COVID19 Caregiving During COVID-19 CDC Face Covering Preventing The Spread of COVID19 +Resources When To Hire a Caregiver Fall Prevention Checklist For any questions, click here to contact us","protected":false},"author":6,"featured_media":0,"parent":4840,"menu_order":0,"comment_status":"closed","ping_status":"closed","template":"full_width.php","meta":{"_monsterinsights_skip_tracking":false,"_monsterinsights_sitenote_active":false,"_monsterinsights_sitenote_note":"","_monsterinsights_sitenote_category":0,"footnotes":""},"class_list":["post-4989","page","type-page","status-publish","hentry"],"_links":{"self":[{"href":"https:\/\/www.lmvna.org\/es\/wp-json\/wp\/v2\/pages\/4989"}],"collection":[{"href":"https:\/\/www.lmvna.org\/es\/wp-json\/wp\/v2\/pages"}],"about":[{"href":"https:\/\/www.lmvna.org\/es\/wp-json\/wp\/v2\/types\/page"}],"author":[{"embeddable":true,"href":"https:\/\/www.lmvna.org\/es\/wp-json\/wp\/v2\/users\/6"}],"replies":[{"embeddable":true,"href":"https:\/\/www.lmvna.org\/es\/wp-json\/wp\/v2\/comments?post=4989"}],"version-history":[{"count":11,"href":"https:\/\/www.lmvna.org\/es\/wp-json\/wp\/v2\/pages\/4989\/revisions"}],"predecessor-version":[{"id":19573,"href":"https:\/\/www.lmvna.org\/es\/wp-json\/wp\/v2\/pages\/4989\/revisions\/19573"}],"up":[{"embeddable":true,"href":"https:\/\/www.lmvna.org\/es\/wp-json\/wp\/v2\/pages\/4840"}],"wp:attachment":[{"href":"https:\/\/www.lmvna.org\/es\/wp-json\/wp\/v2\/media?parent=4989"}],"curies":[{"name":"wp","href":"https:\/\/api.w.org\/{rel}","templated":true}]}}