{"id":4756,"date":"2020-04-23T15:38:18","date_gmt":"2020-04-23T22:38:18","guid":{"rendered":"https:\/\/www.lmvna.org\/?page_id=4756"},"modified":"2020-04-23T15:39:20","modified_gmt":"2020-04-23T22:39:20","slug":"404-error","status":"publish","type":"page","link":"https:\/\/www.lmvna.org\/es\/404-error\/","title":{"rendered":"404 Error"},"content":{"rendered":"<p>Parece que la p\u00e1gina que est\u00e1s buscando se ha movido o ya no existe. Por favor verifique la direcci\u00f3n o <a href=\"https:\/\/www.lmvna.org\/es\/\" target=\"_blank\" rel=\"noopener noreferrer\" data-saferedirecturl=\"https:\/\/www.google.com\/url?q=http:\/\/lmvna.org&amp;source=gmail&amp;ust=1587678566777000&amp;usg=AFQjCNHW111c6qUodXILaDxWr4e2zFlAeQ\"><strong>haga clic aqu\u00ed<\/strong><\/a>\u00a0para ser redirigido a la p\u00e1gina de inicio del sitio.<\/p>\n<p>Si a\u00fan no puede encontrar las respuestas que necesita, cont\u00e1ctenos directamente llamando al (805) 642-0239, o <strong><a href=\"https:\/\/www.lmvna.org\/es\/contact\/\" target=\"_blank\" rel=\"noopener noreferrer\" data-saferedirecturl=\"https:\/\/www.google.com\/url?q=https:\/\/www.lmvna.org\/contact\/&amp;source=gmail&amp;ust=1587678566777000&amp;usg=AFQjCNFiD85_ZO93LBO4Va8Q616QvQrt1A\">Complete y env\u00ede el formulario en l\u00ednea.<\/a><\/strong>\u00a0y alguien se pondr\u00e1 en contacto contigo.<\/p>\n<p>&nbsp;<\/p>","protected":false},"excerpt":{"rendered":"<p>It seems the page you&#8217;re looking for has been moved or no longer exists. Please check the address or click here\u00a0to be redirected to the site&#8217;s homepage. If you&#8217;re still unable to find the answers you need, please contact us directly by calling (805) 642-0239,&#8230;<\/p>","protected":false},"author":1,"featured_media":0,"parent":0,"menu_order":0,"comment_status":"closed","ping_status":"closed","template":"","meta":{"_monsterinsights_skip_tracking":false,"_monsterinsights_sitenote_active":false,"_monsterinsights_sitenote_note":"","_monsterinsights_sitenote_category":0,"footnotes":""},"class_list":["post-4756","page","type-page","status-publish","hentry"],"_links":{"self":[{"href":"https:\/\/www.lmvna.org\/es\/wp-json\/wp\/v2\/pages\/4756"}],"collection":[{"href":"https:\/\/www.lmvna.org\/es\/wp-json\/wp\/v2\/pages"}],"about":[{"href":"https:\/\/www.lmvna.org\/es\/wp-json\/wp\/v2\/types\/page"}],"author":[{"embeddable":true,"href":"https:\/\/www.lmvna.org\/es\/wp-json\/wp\/v2\/users\/1"}],"replies":[{"embeddable":true,"href":"https:\/\/www.lmvna.org\/es\/wp-json\/wp\/v2\/comments?post=4756"}],"version-history":[{"count":3,"href":"https:\/\/www.lmvna.org\/es\/wp-json\/wp\/v2\/pages\/4756\/revisions"}],"predecessor-version":[{"id":4759,"href":"https:\/\/www.lmvna.org\/es\/wp-json\/wp\/v2\/pages\/4756\/revisions\/4759"}],"wp:attachment":[{"href":"https:\/\/www.lmvna.org\/es\/wp-json\/wp\/v2\/media?parent=4756"}],"curies":[{"name":"wp","href":"https:\/\/api.w.org\/{rel}","templated":true}]}}