{"id":3908,"date":"2020-02-06T16:06:47","date_gmt":"2020-02-07T00:06:47","guid":{"rendered":"https:\/\/www.lmvna.org\/?page_id=3908"},"modified":"2023-08-17T19:35:03","modified_gmt":"2023-08-18T02:35:03","slug":"careers","status":"publish","type":"page","link":"https:\/\/www.lmvna.org\/es\/careers\/","title":{"rendered":"Carreras"},"content":{"rendered":"<div     class=\"vc_row wpb_row section vc_row-fluid  grid_section\" style=' text-align:left;'><div class=\"section_inner clearfix\"><div class='section_inner_margin clearfix'><div class=\"wpb_column vc_column_container vc_col-sm-12\"><div class=\"vc_column-inner\"><div class=\"wpb_wrapper\"><div class=\"vc_empty_space\"   style=\"height: 60px\"><span class=\"vc_empty_space_inner\"><\/span><\/div>\n\t<div class=\"wpb_text_column wpb_content_element\">\n\t\t<div class=\"wpb_wrapper\">\n\t\t\t<h2>Carreras<\/h2>\n\n\t\t<\/div> \n\t<\/div> <div class=\"vc_empty_space\"   style=\"height: 5px\"><span class=\"vc_empty_space_inner\"><\/span><\/div><div class=\"separator titleborder small left\" style=\"border-color: #92c1e9;border-width:11px;width:150px;margin-top:30px;margin-bottom:30px\"><\/div>\n\n\t<div class=\"wpb_text_column wpb_content_element\">\n\t\t<div class=\"wpb_wrapper\">\n\t\t\t<p>Como l\u00edder en la comunidad de atenci\u00f3n m\u00e9dica, buscamos empleados especiales que tengan habilidades t\u00e9cnicas, posean habilidades interpersonales superiores y deseen contribuir con entusiasmo a nuestra cultura de atenci\u00f3n.<\/p>\n\n\t\t<\/div> \n\t<\/div> <div class=\"vc_empty_space\"   style=\"height: 20px\"><span class=\"vc_empty_space_inner\"><\/span><\/div>\n\t<div class=\"wpb_text_column wpb_content_element\">\n\t\t<div class=\"wpb_wrapper\">\n\t\t\t<p style=\"text-align: right;\"><strong><a href=\"http:\/\/www.lmvna.org\/es\/joblistings\/\"><span style=\"color: #3366ff;\">Haga clic aqu\u00ed para ofertas de trabajo<\/span><\/a><\/strong><\/p>\n\n\t\t<\/div> \n\t<\/div> <\/div><\/div><\/div><\/div><\/div><\/div><div   data-q_id=\"#donate\"   class=\"vc_row wpb_row section vc_row-fluid vc_custom_1584490309311\" style=' text-align:left;'><div class=\"full_section_inner clearfix\"><div class=\"wpb_animate_when_almost_visible wpb_fadeIn fadeIn wpb_column vc_column_container vc_col-sm-6 vc_col-has-fill\"><div class=\"vc_column-inner vc_custom_1643054508684\"><div class=\"wpb_wrapper\"><div class=\"wpb_gallery wpb_content_element vc_clearfix\"><div class=\"wpb_wrapper\"><div class=\"wpb_gallery_slides wpb_flexslider flexslider_fade flexslider\" data-interval=\"3\" data-flex_fx=\"fade\"><ul class=\"slides\"><li><a class=\"prettyphoto\" href=\"https:\/\/www.lmvna.org\/wp-content\/uploads\/2020\/01\/CaregiverwithAsianelderlywomanoutdoor-1024x684.jpg\" data-rel=\"prettyPhoto[rel-3908-2775341050]\"><img loading=\"lazy\" decoding=\"async\" class=\"\" src=\"https:\/\/www.lmvna.org\/wp-content\/uploads\/2020\/01\/CaregiverwithAsianelderlywomanoutdoor-scaled-2500x1709.jpg\" width=\"2500\" height=\"1709\" alt=\"Smiling nurse caregiver with Asian elderly woman outdoor in the park\" title=\"Cuidador con anciana asi\u00e1tica al aire libre\" \/><\/a><\/li><\/ul><\/div><\/div><\/div><div class=\"vc_empty_space\"   style=\"height: 10px\"><span class=\"vc_empty_space_inner\"><\/span><\/div><\/div><\/div><\/div><div class=\"rightcolumnpadding wpb_column vc_column_container vc_col-sm-6\"><div class=\"vc_column-inner vc_custom_1569116049857\"><div class=\"wpb_wrapper\">\n\t<div class=\"wpb_text_column wpb_content_element\">\n\t\t<div class=\"wpb_wrapper\">\n\t\t\t<h1>Oportunidades<\/h1>\n\n\t\t<\/div> \n\t<\/div> <div class=\"separator rightborder full_width\" style=\"border-color: #92C1E9;border-width:11px;margin-top:30px;margin-bottom:30px\"><\/div>\n\n\t<div class=\"wpb_text_column wpb_content_element\">\n\t\t<div class=\"wpb_wrapper\">\n\t\t\t<p>\u00a1\u00danase a nuestro atento equipo! Livingston ofrece un ambiente de equipo solidario y afectuoso.<\/p>\n<p>Los beneficios para nuestro equipo multidisciplinario de expertos en atenci\u00f3n m\u00e9dica incluyen:<\/p>\n<ul>\n<li>Horario de trabajo flexible<\/li>\n<li>Excelentes beneficios<\/li>\n<li>Generosos d\u00edas libres remunerados<\/li>\n<li>Oportunidades educativas<\/li>\n<li>Bono de inicio de sesi\u00f3n <em><span class=\"TextRun BCX0 SCXW105784540\" lang=\"EN-US\" xml:lang=\"EN-US\" data-contrast=\"auto\"><span class=\"NormalTextRun BCX0 SCXW105784540\">(Aplicable a puestos calificados)<\/span><\/span><\/em><\/li>\n<\/ul>\n\n\t\t<\/div> \n\t<\/div> <div class=\"vc_empty_space\"   style=\"height: 10px\"><span class=\"vc_empty_space_inner\"><\/span><\/div>\n\t<div class=\"wpb_text_column wpb_content_element\">\n\t\t<div class=\"wpb_wrapper\">\n\t\t\t<p>Los requisitos espec\u00edficos var\u00edan seg\u00fan el puesto. Todos los programas m\u00e9dicos requieren un m\u00ednimo de un a\u00f1o reciente de atenci\u00f3n m\u00e9dica domiciliaria y\/o cuidados intensivos con una licencia vigente de California. Todos los puestos de CHHA deben tener una certificaci\u00f3n CNA y HHA de California. Se requiere RCP por parte de un proveedor de atenci\u00f3n m\u00e9dica actual para todo el personal de campo.<\/p>\n\n\t\t<\/div> \n\t<\/div> <\/div><\/div><\/div><\/div><\/div><div   data-q_id=\"#donate\"   class=\"vc_row wpb_row section vc_row-fluid vc_custom_1584490203467\" style=' text-align:left;'><div class=\"full_section_inner clearfix\"><div class=\"rightcolumnpadding wpb_column vc_column_container vc_col-sm-6\"><div class=\"vc_column-inner vc_custom_1569116049857\"><div class=\"wpb_wrapper\">\n\t<div class=\"wpb_text_column wpb_content_element\">\n\t\t<div class=\"wpb_wrapper\">\n\t\t\t<h1><span class=\"TextRun BCX0 SCXW208677578\" lang=\"EN-US\" xml:lang=\"EN-US\" data-contrast=\"auto\"><span class=\"NormalTextRun BCX0 SCXW208677578\" data-wac-het=\"1\">Oportunidad destacada<\/span><\/span><\/h1>\n\n\t\t<\/div> \n\t<\/div> <div class=\"separator leftborder full_width\" style=\"border-color: #92c1e9;border-width:11px;margin-top:30px;margin-bottom:30px\"><\/div>\n\n\t<div class=\"wpb_text_column wpb_content_element\">\n\t\t<div class=\"wpb_wrapper\">\n\t\t\t<p>Auxiliar de cuidados domiciliarios.<br \/>\n<strong><span style=\"color: #3366ff;\"><a style=\"color: #3366ff;\" href=\"https:\/\/lmvnaintranet.formstack.com\/forms\/caregiver_employee_application_2021\">Aplica ya.<\/a><\/span><\/strong><\/p>\n\n\t\t<\/div> \n\t<\/div> <\/div><\/div><\/div><div class=\"wpb_animate_when_almost_visible wpb_fadeIn fadeIn wpb_column vc_column_container vc_col-sm-6 vc_col-has-fill\"><div class=\"vc_column-inner vc_custom_1584489227153\"><div class=\"wpb_wrapper\">\n\t<div class=\"wpb_video_widget wpb_content_element vc_clearfix   vc_video-aspect-ratio-169 vc_video-el-width-100 vc_video-align-right\" >\n\t\t<div class=\"wpb_wrapper\">\n\t\t\t\n\t\t\t<div class=\"wpb_video_wrapper\"><iframe loading=\"lazy\" title=\"Anuncio de contrataci\u00f3n de cuidadores\" width=\"1060\" height=\"596\" src=\"https:\/\/www.youtube.com\/embed\/SiNlYB_Y0Ps?feature=oembed\" frameborder=\"0\" allow=\"accelerometer; autoplay; encrypted-media; gyroscope; picture-in-picture\" allowfullscreen><\/iframe><\/div>\n\t\t<\/div>\n\t<\/div>\n<\/div><\/div><\/div><\/div><\/div><div   data-q_id=\"#career\"   class=\"vc_row wpb_row section vc_row-fluid fullwidth vc_custom_1572471045841\" style=' text-align:left;'><div class=\"full_section_inner clearfix\"><div class=\"wpb_column vc_column_container vc_col-sm-12\"><div class=\"vc_column-inner\"><div class=\"wpb_wrapper\">\n\t<div class=\"wpb_text_column wpb_content_element\">\n\t\t<div class=\"wpb_wrapper\">\n\t\t\t<h2 style=\"text-align: center;\">Ofertas de trabajo<\/h2>\n\n\t\t<\/div> \n\t<\/div> <div class=\"separator centerborder full_width\" style=\"border-color: #92c1e9;border-width:2px;margin-top:40px;margin-bottom:40px\"><\/div>\n<div class=\"vc_empty_space\"   style=\"height: 10px\"><span class=\"vc_empty_space_inner\"><\/span><\/div>\n\t<div class=\"wpb_raw_code wpb_content_element wpb_raw_html\" >\n\t\t<div class=\"wpb_wrapper\">\n\t\t\t<h3><a href=\"http:\/\/www.lmvna.org\/es\/joblistings\/\">Ver trabajos<\/a> <i class=\"fa fa-caret-right\" style=\"color: #679ccc; margin-left: 2px; vertical-align: text-bottom;\"><\/i><\/h3>\n\t\t<\/div>\n\t<\/div>\n<div class=\"vc_empty_space\"   style=\"height: 10px\"><span class=\"vc_empty_space_inner\"><\/span><\/div>\n\t<div class=\"wpb_text_column wpb_content_element\">\n\t\t<div class=\"wpb_wrapper\">\n\t\t\t<p style=\"font-size: 100%; line-height: 150%;\">Livingston Memorial Visiting Nurse Association &amp; Hospice brinda igualdad de oportunidades de empleo a todos los empleados y solicitantes de empleo y proh\u00edbe la discriminaci\u00f3n y el acoso de cualquier tipo sin distinci\u00f3n de raza, color, religi\u00f3n, edad, sexo, origen nacional, estado de discapacidad, gen\u00e9tica o estado de veterano protegido. , orientaci\u00f3n sexual, identidad o expresi\u00f3n de g\u00e9nero, o cualquier otra caracter\u00edstica protegida por leyes federales, estatales o locales.<\/p>\n\n\t\t<\/div> \n\t<\/div> <div class=\"vc_empty_space\"   style=\"height: 60px\"><span class=\"vc_empty_space_inner\"><\/span><\/div><\/div><\/div><\/div><\/div><\/div>","protected":false},"excerpt":{"rendered":"Careers As a leader in the healthcare community, we look for special employees who are technically skilled, possess superior interpersonal skills, and wish to enthusiastically contribute to our culture of caring. Click Here For Job Postings Opportunities Join our caring team! Livingston provides a supportive,...","protected":false},"author":6,"featured_media":0,"parent":0,"menu_order":0,"comment_status":"closed","ping_status":"closed","template":"full_width.php","meta":{"_monsterinsights_skip_tracking":false,"_monsterinsights_sitenote_active":false,"_monsterinsights_sitenote_note":"","_monsterinsights_sitenote_category":0,"footnotes":""},"class_list":["post-3908","page","type-page","status-publish","hentry"],"_links":{"self":[{"href":"https:\/\/www.lmvna.org\/es\/wp-json\/wp\/v2\/pages\/3908"}],"collection":[{"href":"https:\/\/www.lmvna.org\/es\/wp-json\/wp\/v2\/pages"}],"about":[{"href":"https:\/\/www.lmvna.org\/es\/wp-json\/wp\/v2\/types\/page"}],"author":[{"embeddable":true,"href":"https:\/\/www.lmvna.org\/es\/wp-json\/wp\/v2\/users\/6"}],"replies":[{"embeddable":true,"href":"https:\/\/www.lmvna.org\/es\/wp-json\/wp\/v2\/comments?post=3908"}],"version-history":[{"count":31,"href":"https:\/\/www.lmvna.org\/es\/wp-json\/wp\/v2\/pages\/3908\/revisions"}],"predecessor-version":[{"id":14683,"href":"https:\/\/www.lmvna.org\/es\/wp-json\/wp\/v2\/pages\/3908\/revisions\/14683"}],"wp:attachment":[{"href":"https:\/\/www.lmvna.org\/es\/wp-json\/wp\/v2\/media?parent=3908"}],"curies":[{"name":"wp","href":"https:\/\/api.w.org\/{rel}","templated":true}]}}