{"id":278,"date":"2019-09-19T00:41:33","date_gmt":"2019-09-19T00:41:33","guid":{"rendered":"http:\/\/www.lmvna.org\/2019\/?page_id=278"},"modified":"2026-04-17T09:17:26","modified_gmt":"2026-04-17T16:17:26","slug":"about","status":"publish","type":"page","link":"https:\/\/www.lmvna.org\/es\/about\/","title":{"rendered":"About us"},"content":{"rendered":"<div     class=\"vc_row wpb_row section vc_row-fluid  grid_section\" style=' text-align:left;'><div class=\"section_inner clearfix\"><div class='section_inner_margin clearfix'><div class=\"wpb_column vc_column_container vc_col-sm-12\"><div class=\"vc_column-inner\"><div class=\"wpb_wrapper\"><div class=\"vc_empty_space\"   style=\"height: 60px\"><span class=\"vc_empty_space_inner\"><\/span><\/div>\n\t<div class=\"wpb_text_column wpb_content_element\">\n\t\t<div class=\"wpb_wrapper\">\n\t\t\t<h2>Quienes somos<\/h2>\n\n\t\t<\/div> \n\t<\/div> <div class=\"separator titleborder small left\" style=\"border-color: #92C1E9;border-width:11px;width:150px;margin-top:30px;margin-bottom:30px\"><\/div>\n\n\t<div class=\"wpb_text_column wpb_content_element\">\n\t\t<div class=\"wpb_wrapper\">\n\t\t\t<p>Since 1947, Livingston has cared for those in the community who need a little extra help to heal at home, are experiencing a serious or end-of-life illness, or suffered the loss of a loved one. Together, we ensure that \u2014 on any given day \u2014 hundreds of patients and family members are cared for by our team that includes physicians, nurses, occupational therapists, physical therapists, speech therapists, registered dietitians, certified nursing assistants, social workers, chaplains, counselors, and volunteers. We are here when you need us most.<\/p>\n<p>Somos una piedra angular en la comunidad y un l\u00edder en atenci\u00f3n m\u00e9dica. Dadas nuestras s\u00f3lidas asociaciones locales y nuestra reconocida experiencia, estamos excepcionalmente preparados para brindar excelente atenci\u00f3n m\u00e9dica domiciliaria y atenci\u00f3n a quienes viven con enfermedades terminales y se ven afectados por ellas. La calidez, habilidad y experiencia de nuestros equipos garantizan que sus necesidades est\u00e9n a la vanguardia de la atenci\u00f3n que brindamos.<\/p>\n\n\t\t<\/div> \n\t<\/div> <div class=\"vc_empty_space\"   style=\"height: 40px\"><span class=\"vc_empty_space_inner\"><\/span><\/div><\/div><\/div><\/div><\/div><\/div><\/div><div     class=\"vc_row wpb_row section vc_row-fluid  grid_section\" style='background-color:#92c1e9; text-align:left;'><div class=\"section_inner clearfix\"><div class='section_inner_margin clearfix'><div class=\"element_from_top\"><div><div class=\"wpb_column vc_column_container vc_col-sm-12\"><div class=\"vc_column-inner\"><div class=\"wpb_wrapper\"><div class=\"vc_empty_space\"   style=\"height: 20px\"><span class=\"vc_empty_space_inner\"><\/span><\/div>\n\t<div class=\"wpb_text_column wpb_content_element  vc_custom_1776442643533\">\n\t\t<div class=\"wpb_wrapper\">\n\t\t\t<h4><strong>Mission:<\/strong> <span style=\"color: #000000;\">Livingston&#8217;s mission is to deliver the highest-quality, compassionate in-home healthcare and supportive services to Ventura County residents experiencing illness or bereavement, including those with limited income and resources.<\/span><\/h4>\n\n\t\t<\/div> \n\t<\/div> <div class=\"vc_empty_space\"   style=\"height: 20px\"><span class=\"vc_empty_space_inner\"><\/span><\/div><\/div><\/div><\/div><\/div><\/div><\/div><\/div><\/div><div     class=\"vc_row wpb_row section vc_row-fluid vc_custom_1568926910103\" style=' text-align:left;'><div class=\"full_section_inner clearfix\"><div class=\"leftquote wpb_animate_when_almost_visible wpb_fadeInLeft fadeInLeft wpb_column vc_column_container vc_col-sm-6 vc_col-has-fill\"><div class=\"vc_column-inner vc_custom_1568929141049\"><div class=\"wpb_wrapper\">\n\t<div class=\"wpb_text_column wpb_content_element\">\n\t\t<div class=\"wpb_wrapper\">\n\t\t\t<p>Hicieron de todo, desde organizar las entregas de equipos hospitalarios hasta las entregas de medicamentos, y nos explicaron las partes dif\u00edciles.<\/p>\n\n\t\t<\/div> \n\t<\/div> <div class=\"vc_empty_space\"   style=\"height: 10px\"><span class=\"vc_empty_space_inner\"><\/span><\/div>\n\t<div class=\"wpb_text_column wpb_content_element  testimonialname\">\n\t\t<div class=\"wpb_wrapper\">\n\t\t\t<p>\u2013 M\u00f3nica C.<\/p>\n\n\t\t<\/div> \n\t<\/div> <div class=\"separator titleborder full_width\" style=\"border-color: #eaf1fa;border-width:11px;margin-top:30px;margin-bottom:30px\"><\/div>\n<div class=\"vc_empty_space\"   style=\"height: 20px\"><span class=\"vc_empty_space_inner\"><\/span><\/div><\/div><\/div><\/div><div class=\"wpb_animate_when_almost_visible wpb_fadeIn fadeIn wpb_column vc_column_container vc_col-sm-6 vc_col-has-fill\"><div class=\"vc_column-inner vc_custom_1568926847615\"><div class=\"wpb_wrapper\"><div class=\"vc_empty_space\"   style=\"height: 450px\"><span class=\"vc_empty_space_inner\"><\/span><\/div><\/div><\/div><\/div><\/div><\/div><div     class=\"vc_row wpb_row section vc_row-fluid vc_custom_1568674590996\" style=' text-align:left;'><div class=\"full_section_inner clearfix\"><div class=\"wpb_animate_when_almost_visible wpb_fadeIn fadeIn wpb_column vc_column_container vc_col-sm-6 vc_col-has-fill\"><div class=\"vc_column-inner vc_custom_1568929165034\"><div class=\"wpb_wrapper\"><div class=\"vc_empty_space\"   style=\"height: 450px\"><span class=\"vc_empty_space_inner\"><\/span><\/div><\/div><\/div><\/div><div class=\"rightcolumnpadding wpb_column vc_column_container vc_col-sm-6\"><div class=\"vc_column-inner vc_custom_1568928995571\"><div class=\"wpb_wrapper\">\n\t<div class=\"wpb_text_column wpb_content_element\">\n\t\t<div class=\"wpb_wrapper\">\n\t\t\t<h1>Junta y Liderazgo<\/h1>\n\n\t\t<\/div> \n\t<\/div> <div class=\"separator rightborder full_width\" style=\"border-color: #92C1E9;border-width:11px;margin-top:30px;margin-bottom:30px\"><\/div>\n\n\t<div class=\"wpb_text_column wpb_content_element  largeparagraph\">\n\t\t<div class=\"wpb_wrapper\">\n\t\t\t<p>Conozca al equipo experimentado que gu\u00eda y gobierna la Asociaci\u00f3n de Enfermeras Visitantes y el Hospicio de Livingston Memorial, incluido nuestro liderazgo ejecutivo y nuestra Junta Directiva.<\/p>\n\n\t\t<\/div> \n\t<\/div> <div class=\"vc_empty_space\"   style=\"height: 30px\"><span class=\"vc_empty_space_inner\"><\/span><\/div>\n\t<div class=\"wpb_raw_code wpb_content_element wpb_raw_html\" >\n\t\t<div class=\"wpb_wrapper\">\n\t\t\t<h3><a href=\"http:\/\/www.lmvna.org\/es\/leadership\/\">Conozca a nuestro equipo<\/a> <i class=\"fa fa-caret-right\" style=\"color: #679ccc; margin-left: 2px; vertical-align: text-bottom;\"><\/i><\/h3>\n\t\t<\/div>\n\t<\/div>\n<\/div><\/div><\/div><\/div><\/div><div     class=\"vc_row wpb_row section vc_row-fluid\" style=' text-align:left;'><div class=\"full_section_inner clearfix\"><div class=\"wpb_column vc_column_container vc_col-sm-12\"><div class=\"vc_column-inner\"><div class=\"wpb_wrapper\"><div class=\"vc_empty_space\"   style=\"height: 80px\"><span class=\"vc_empty_space_inner\"><\/span><\/div><\/div><\/div><\/div><\/div><\/div>","protected":false},"excerpt":{"rendered":"Who We Are Since 1947, Livingston has cared for those in the community who need a little extra help to heal at home, are experiencing a serious or end-of-life illness, or suffered the loss of a loved one. Together, we ensure that \u2014 on any...","protected":false},"author":1,"featured_media":0,"parent":0,"menu_order":0,"comment_status":"closed","ping_status":"closed","template":"full_width.php","meta":{"_monsterinsights_skip_tracking":false,"_monsterinsights_sitenote_active":false,"_monsterinsights_sitenote_note":"","_monsterinsights_sitenote_category":0,"footnotes":""},"class_list":["post-278","page","type-page","status-publish","hentry"],"_links":{"self":[{"href":"https:\/\/www.lmvna.org\/es\/wp-json\/wp\/v2\/pages\/278"}],"collection":[{"href":"https:\/\/www.lmvna.org\/es\/wp-json\/wp\/v2\/pages"}],"about":[{"href":"https:\/\/www.lmvna.org\/es\/wp-json\/wp\/v2\/types\/page"}],"author":[{"embeddable":true,"href":"https:\/\/www.lmvna.org\/es\/wp-json\/wp\/v2\/users\/1"}],"replies":[{"embeddable":true,"href":"https:\/\/www.lmvna.org\/es\/wp-json\/wp\/v2\/comments?post=278"}],"version-history":[{"count":61,"href":"https:\/\/www.lmvna.org\/es\/wp-json\/wp\/v2\/pages\/278\/revisions"}],"predecessor-version":[{"id":22183,"href":"https:\/\/www.lmvna.org\/es\/wp-json\/wp\/v2\/pages\/278\/revisions\/22183"}],"wp:attachment":[{"href":"https:\/\/www.lmvna.org\/es\/wp-json\/wp\/v2\/media?parent=278"}],"curies":[{"name":"wp","href":"https:\/\/api.w.org\/{rel}","templated":true}]}}