{"id":14119,"date":"2023-04-07T11:38:25","date_gmt":"2023-04-07T18:38:25","guid":{"rendered":"https:\/\/www.lmvna.org\/?page_id=14119"},"modified":"2025-08-28T11:11:04","modified_gmt":"2025-08-28T18:11:04","slug":"lifestoriesform","status":"publish","type":"page","link":"https:\/\/www.lmvna.org\/es\/lifestoriesform\/","title":{"rendered":"Life Stories Form &#8211; Volunteer"},"content":{"rendered":"<div     class=\"vc_row wpb_row section vc_row-fluid  grid_section\" style=' text-align:left;'><div class=\"section_inner clearfix\"><div class='section_inner_margin clearfix'><div class=\"wpb_animate_when_almost_visible wpb_fadeInUp fadeInUp wpb_column vc_column_container vc_col-sm-12\"><div class=\"vc_column-inner\"><div class=\"wpb_wrapper\"><div class=\"vc_empty_space\"   style=\"height: 60px\"><span class=\"vc_empty_space_inner\"><\/span><\/div><div class=\"vc_empty_space\"   style=\"height: 30px\"><span class=\"vc_empty_space_inner\"><\/span><\/div>\n\t<div class=\"wpb_text_column wpb_content_element\">\n\t\t<div class=\"wpb_wrapper\">\n\t\t\t<h4 style=\"text-align: center;\" align=\"left\">El programa Life Story est\u00e1 dise\u00f1ado para brindar tanto a los miembros de la comunidad como a los pacientes de cuidados paliativos la oportunidad de registrar sus memorias personales. Ayudar a uno a compartir su historia personal, que podr\u00eda perderse si no se transmite a la pr\u00f3xima generaci\u00f3n, es un regalo valioso que brinda nuestro voluntario de Life Story.<\/h4>\n\n\t\t<\/div> \n\t<\/div> <div class=\"vc_empty_space\"   style=\"height: 15px\"><span class=\"vc_empty_space_inner\"><\/span><\/div>\n\t<div class=\"wpb_text_column wpb_content_element\">\n\t\t<div class=\"wpb_wrapper\">\n\t\t\t<h3 style=\"text-align: center;\"><span style=\"color: #3366ff;\"><a style=\"color: #3366ff;\" href=\"https:\/\/lmvnaintranet.formstack.com\/forms\/volunteer_registration_form\">Formulario de registro de historias de vida<\/a><\/span><\/h3>\n\n\t\t<\/div> \n\t<\/div> <div class=\"vc_empty_space\"   style=\"height: 5px\"><span class=\"vc_empty_space_inner\"><\/span><\/div><div class=\"separator titleborder small left\" style=\"border-color: #92C1E9;border-width:11px;width:150px;margin-top:30px;margin-bottom:30px\"><\/div>\n<div class=\"vc_empty_space\"   style=\"height: 20px\"><span class=\"vc_empty_space_inner\"><\/span><\/div><\/div><\/div><\/div><\/div><\/div><\/div><div     class=\"vc_row wpb_row section vc_row-fluid fullwidth\" style=' text-align:left;'><div class=\"full_section_inner clearfix\"><div class=\"wpb_column vc_column_container vc_col-sm-12\"><div class=\"vc_column-inner\"><div class=\"wpb_wrapper\"><div class=\"vc_empty_space\"   style=\"height: 70px\"><span class=\"vc_empty_space_inner\"><\/span><\/div><\/div><\/div><\/div><\/div><\/div>","protected":false},"excerpt":{"rendered":"The Life Story program is designed to provide both community members and hospice patients the opportunity to record their personal memoirs.\u00a0 Helping one share their personal story, which might be lost if not passed along to the next generation, is a valuable gift that our...","protected":false},"author":6,"featured_media":0,"parent":0,"menu_order":0,"comment_status":"closed","ping_status":"closed","template":"full_width.php","meta":{"_monsterinsights_skip_tracking":false,"_monsterinsights_sitenote_active":false,"_monsterinsights_sitenote_note":"","_monsterinsights_sitenote_category":0,"footnotes":""},"class_list":["post-14119","page","type-page","status-publish","hentry"],"_links":{"self":[{"href":"https:\/\/www.lmvna.org\/es\/wp-json\/wp\/v2\/pages\/14119"}],"collection":[{"href":"https:\/\/www.lmvna.org\/es\/wp-json\/wp\/v2\/pages"}],"about":[{"href":"https:\/\/www.lmvna.org\/es\/wp-json\/wp\/v2\/types\/page"}],"author":[{"embeddable":true,"href":"https:\/\/www.lmvna.org\/es\/wp-json\/wp\/v2\/users\/6"}],"replies":[{"embeddable":true,"href":"https:\/\/www.lmvna.org\/es\/wp-json\/wp\/v2\/comments?post=14119"}],"version-history":[{"count":7,"href":"https:\/\/www.lmvna.org\/es\/wp-json\/wp\/v2\/pages\/14119\/revisions"}],"predecessor-version":[{"id":20179,"href":"https:\/\/www.lmvna.org\/es\/wp-json\/wp\/v2\/pages\/14119\/revisions\/20179"}],"wp:attachment":[{"href":"https:\/\/www.lmvna.org\/es\/wp-json\/wp\/v2\/media?parent=14119"}],"curies":[{"name":"wp","href":"https:\/\/api.w.org\/{rel}","templated":true}]}}