{"id":12181,"date":"2022-07-28T12:37:40","date_gmt":"2022-07-28T19:37:40","guid":{"rendered":"https:\/\/www.lmvna.org\/?page_id=12181"},"modified":"2025-03-13T10:50:41","modified_gmt":"2025-03-13T17:50:41","slug":"webinars","status":"publish","type":"page","link":"https:\/\/www.lmvna.org\/es\/webinars\/","title":{"rendered":"Seminarios web"},"content":{"rendered":"<div     class=\"vc_row wpb_row section vc_row-fluid vc_custom_1639081744117 grid_section\" style=' text-align:left;'><div class=\"section_inner clearfix\"><div class='section_inner_margin clearfix'><div class=\"wpb_column vc_column_container vc_col-sm-12\"><div class=\"vc_column-inner\"><div class=\"wpb_wrapper\"><div class=\"vc_empty_space\"   style=\"height: 60px\"><span class=\"vc_empty_space_inner\"><\/span><\/div><\/div><\/div><\/div><\/div><\/div><\/div><div     class=\"vc_row wpb_row section vc_row-fluid vc_custom_1659119632149 grid_section\" style=' text-align:center;'><div class=\"section_inner clearfix\"><div class='section_inner_margin clearfix'><div class=\"element_from_fade\"><div><div class=\"wpb_animate_when_almost_visible wpb_fadeIn fadeIn wpb_column vc_column_container vc_col-sm-12\"><div class=\"vc_column-inner\"><div class=\"wpb_wrapper\">\n\t<div class=\"wpb_text_column wpb_content_element\">\n\t\t<div class=\"wpb_wrapper\">\n\t\t\t<h2 style=\"text-align: center;\">Livingston Webinars<\/h2>\n\n\t\t<\/div> \n\t<\/div> <\/div><\/div><\/div><\/div><\/div><\/div><\/div><\/div><div     class=\"vc_row wpb_row section vc_row-fluid fullwidth\" style=' text-align:left;'><div class=\"full_section_inner clearfix\"><div class=\"wpb_column vc_column_container vc_col-sm-6\"><div class=\"vc_column-inner\"><div class=\"wpb_wrapper\"><div class=\"vc_empty_space\"   style=\"height: 15px\"><span class=\"vc_empty_space_inner\"><\/span><\/div>\n\t<div class=\"wpb_single_image wpb_content_element vc_align_right  element_from_left\">\n\t\t<div class=\"wpb_wrapper\">\n\t\t\t\n\t\t\t<div class=\"vc_single_image-wrapper   vc_box_border_grey\"><img loading=\"lazy\" decoding=\"async\" width=\"1024\" height=\"683\" src=\"https:\/\/www.lmvna.org\/wp-content\/uploads\/2024\/01\/AdobeStock_130101568-1024x683.jpeg\" class=\"vc_single_image-img attachment-large\" alt=\"\" title=\"resumen de palabras de seminario web en vivo en tipo de madera\" srcset=\"https:\/\/www.lmvna.org\/wp-content\/uploads\/2024\/01\/AdobeStock_130101568-1024x683.jpeg 1024w, https:\/\/www.lmvna.org\/wp-content\/uploads\/2024\/01\/AdobeStock_130101568-300x200.jpeg 300w, https:\/\/www.lmvna.org\/wp-content\/uploads\/2024\/01\/AdobeStock_130101568-768x512.jpeg 768w\" sizes=\"(max-width: 1024px) 100vw, 1024px\" \/><\/div>\n\t\t<\/div>\n\t<\/div>\n<div class=\"vc_empty_space\"   style=\"height: 15px\"><span class=\"vc_empty_space_inner\"><\/span><\/div>\n\t<div class=\"wpb_text_column wpb_content_element\">\n\t\t<div class=\"wpb_wrapper\">\n\t\t\t<h3 style=\"text-align: center;\"><strong>Seminarios web anteriores<\/strong><\/h3>\n<hr \/>\n<h3 style=\"text-align: center;\"><\/h3>\n\n\t\t<\/div> \n\t<\/div> <div class=\"vc_empty_space\"   style=\"height: 30px\"><span class=\"vc_empty_space_inner\"><\/span><\/div>\n\t<div class=\"wpb_text_column wpb_content_element\">\n\t\t<div class=\"wpb_wrapper\">\n\t\t\t<h3 style=\"text-align: center;\"><a href=\"https:\/\/www.lmvna.org\/es\/webinars\/webinarvideos\/\"><strong><span style=\"color: #0057b7;\">Medicare Options<\/span><\/strong><\/a><\/h3>\n\n\t\t<\/div> \n\t<\/div> <div class=\"vc_empty_space\"   style=\"height: 15px\"><span class=\"vc_empty_space_inner\"><\/span><\/div>\n\t<div class=\"wpb_text_column wpb_content_element\">\n\t\t<div class=\"wpb_wrapper\">\n\t\t\t<h3 style=\"text-align: center;\"><a href=\"https:\/\/www.lmvna.org\/es\/webinars\/webinarvideos\/\"><strong><span style=\"color: #0057b7;\">In-Home Care Options<\/span><\/strong><\/a><\/h3>\n\n\t\t<\/div> \n\t<\/div> <div class=\"vc_empty_space\"   style=\"height: 15px\"><span class=\"vc_empty_space_inner\"><\/span><\/div>\n\t<div class=\"wpb_text_column wpb_content_element\">\n\t\t<div class=\"wpb_wrapper\">\n\t\t\t<h3 style=\"text-align: center;\"><a href=\"https:\/\/www.lmvna.org\/es\/webinars\/webinarvideos\/\"><strong><span style=\"color: #0057b7;\">C\u00f3mo los servicios de Hospicio pueden ayudar<\/span><\/strong><\/a><\/h3>\n\n\t\t<\/div> \n\t<\/div> <div class=\"vc_empty_space\"   style=\"height: 15px\"><span class=\"vc_empty_space_inner\"><\/span><\/div>\n\t<div class=\"wpb_text_column wpb_content_element\">\n\t\t<div class=\"wpb_wrapper\">\n\t\t\t<h3 style=\"text-align: center;\"><a href=\"https:\/\/www.lmvna.org\/es\/webinars\/webinarvideos\/\"><strong><span style=\"color: #0057b7;\">Advance Directives<\/span><\/strong><\/a><\/h3>\n\n\t\t<\/div> \n\t<\/div> <div class=\"vc_empty_space\"   style=\"height: 15px\"><span class=\"vc_empty_space_inner\"><\/span><\/div>\n\t<div class=\"wpb_text_column wpb_content_element\">\n\t\t<div class=\"wpb_wrapper\">\n\t\t\t<h3 style=\"text-align: center;\"><a href=\"https:\/\/www.lmvna.org\/es\/webinars\/webinarvideos\/\"><strong><span style=\"color: #0057b7;\">Advances in the Diagnosis and Treatment of Alzheimer\u2019s Disease<\/span><\/strong><\/a><\/h3>\n\n\t\t<\/div> \n\t<\/div> <div class=\"vc_empty_space\"   style=\"height: 15px\"><span class=\"vc_empty_space_inner\"><\/span><\/div>\n\t<div class=\"wpb_text_column wpb_content_element\">\n\t\t<div class=\"wpb_wrapper\">\n\t\t\t<h3 style=\"text-align: center;\"><a href=\"https:\/\/www.lmvna.org\/es\/webinars\/webinarvideos\/\"><span style=\"color: #0057b7;\"><b>Exercises For Healthy Living<\/b><\/span><\/a><\/h3>\n\n\t\t<\/div> \n\t<\/div> <div class=\"vc_empty_space\"   style=\"height: 15px\"><span class=\"vc_empty_space_inner\"><\/span><\/div>\n\t<div class=\"wpb_text_column wpb_content_element\">\n\t\t<div class=\"wpb_wrapper\">\n\t\t\t<h3 style=\"text-align: center;\"><a href=\"https:\/\/www.lmvna.org\/es\/webinars\/webinarvideos\/\"><span style=\"color: #0057b7;\"><b>Alimentar el duelo: adoptar rituales de duelo<\/b><\/span><\/a><\/h3>\n\n\t\t<\/div> \n\t<\/div> <div class=\"vc_empty_space\"   style=\"height: 15px\"><span class=\"vc_empty_space_inner\"><\/span><\/div>\n\t<div class=\"wpb_text_column wpb_content_element\">\n\t\t<div class=\"wpb_wrapper\">\n\t\t\t<h3 style=\"text-align: center;\"><a href=\"https:\/\/www.lmvna.org\/es\/webinars\/webinarvideos\/\"><span style=\"color: #0057b7;\"><b>Cuidados paliativos<\/b><\/span><\/a><\/h3>\n\n\t\t<\/div> \n\t<\/div> <div class=\"vc_empty_space\"   style=\"height: 15px\"><span class=\"vc_empty_space_inner\"><\/span><\/div>\n\t<div class=\"wpb_text_column wpb_content_element\">\n\t\t<div class=\"wpb_wrapper\">\n\t\t\t<h3 style=\"text-align: center;\"><a href=\"https:\/\/www.lmvna.org\/es\/webinars\/webinarvideos\/\"><span style=\"color: #0057b7;\"><b>Conciencia sobre la demencia<\/b><\/span><\/a><\/h3>\n\n\t\t<\/div> \n\t<\/div> <div class=\"vc_empty_space\"   style=\"height: 15px\"><span class=\"vc_empty_space_inner\"><\/span><\/div>\n\t<div class=\"wpb_text_column wpb_content_element\">\n\t\t<div class=\"wpb_wrapper\">\n\t\t\t<h3 style=\"text-align: center;\"><a href=\"https:\/\/www.lmvna.org\/es\/webinars\/webinarvideos\/\"><span style=\"color: #0057b7;\"><b>How A Caregiver Can Help<\/b><\/span><\/a><\/h3>\n\n\t\t<\/div> \n\t<\/div> <div class=\"vc_empty_space\"   style=\"height: 15px\"><span class=\"vc_empty_space_inner\"><\/span><\/div>\n\t<div class=\"wpb_text_column wpb_content_element\">\n\t\t<div class=\"wpb_wrapper\">\n\t\t\t<h3 style=\"text-align: center;\"><a href=\"https:\/\/www.lmvna.org\/es\/webinars\/webinarvideos\/\"><span style=\"color: #0057b7;\"><b>Envejecer bien<\/b><\/span><\/a><\/h3>\n\n\t\t<\/div> \n\t<\/div> <div class=\"vc_empty_space\"   style=\"height: 15px\"><span class=\"vc_empty_space_inner\"><\/span><\/div>\n\t<div class=\"wpb_text_column wpb_content_element\">\n\t\t<div class=\"wpb_wrapper\">\n\t\t\t<h3 style=\"text-align: center;\"><a href=\"https:\/\/www.lmvna.org\/es\/webinars\/webinarvideos\/\"><span style=\"color: #0057b7;\"><b>Concientizaci\u00f3n y manejo de la diabetes<\/b><\/span><\/a><\/h3>\n\n\t\t<\/div> \n\t<\/div> <div class=\"vc_empty_space\"   style=\"height: 15px\"><span class=\"vc_empty_space_inner\"><\/span><\/div>\n\t<div class=\"wpb_text_column wpb_content_element\">\n\t\t<div class=\"wpb_wrapper\">\n\t\t\t<h3 style=\"text-align: center;\"><a href=\"https:\/\/www.lmvna.org\/es\/webinars\/webinarvideos\/\"><span style=\"color: #0057b7;\"><b>C\u00f3mo ser un compa\u00f1ero de duelo<\/b><\/span><\/a><\/h3>\n\n\t\t<\/div> \n\t<\/div> <div class=\"vc_empty_space\"   style=\"height: 15px\"><span class=\"vc_empty_space_inner\"><\/span><\/div>\n\t<div class=\"wpb_text_column wpb_content_element\">\n\t\t<div class=\"wpb_wrapper\">\n\t\t\t<h3 style=\"text-align: center;\"><a href=\"https:\/\/www.lmvna.org\/es\/webinars\/webinarvideos\/\" target=\"_blank\" rel=\"noopener\"><span style=\"color: #0057b7;\"><b>C\u00f3mo pueden ayudar los cuidados paliativos<\/b><\/span><\/a><\/h3>\n\n\t\t<\/div> \n\t<\/div> <div class=\"vc_empty_space\"   style=\"height: 15px\"><span class=\"vc_empty_space_inner\"><\/span><\/div>\n\t<div class=\"wpb_text_column wpb_content_element\">\n\t\t<div class=\"wpb_wrapper\">\n\t\t\t<h3 style=\"text-align: center;\"><a href=\"https:\/\/www.lmvna.org\/es\/webinars\/webinarvideos\/\" target=\"_blank\" rel=\"noopener\"><span style=\"color: #0057b7;\"><b>Prevenci\u00f3n de ca\u00eddas<\/b><\/span><\/a><\/h3>\n\n\t\t<\/div> \n\t<\/div> <div class=\"vc_empty_space\"   style=\"height: 15px\"><span class=\"vc_empty_space_inner\"><\/span><\/div>\n\t<div class=\"wpb_text_column wpb_content_element\">\n\t\t<div class=\"wpb_wrapper\">\n\t\t\t<h3 style=\"text-align: center;\"><a href=\"https:\/\/www.lmvna.org\/es\/polst\/\" target=\"_blank\" rel=\"noopener\"><span style=\"color: #0057b7;\"><b>POL\u00cdTICA<\/b><\/span><\/a><\/h3>\n\n\t\t<\/div> \n\t<\/div> <div class=\"vc_empty_space\"   style=\"height: 15px\"><span class=\"vc_empty_space_inner\"><\/span><\/div>\n\t<div class=\"wpb_text_column wpb_content_element\">\n\t\t<div class=\"wpb_wrapper\">\n\t\t\t<h3 style=\"text-align: center;\"><span style=\"color: #0057b7;\"><a style=\"color: #0057b7;\" href=\"https:\/\/www.lmvna.org\/es\/5wishes\/\" target=\"_blank\" rel=\"noopener\"><b>Cinco deseos<\/b><\/a><\/span><\/h3>\n\n\t\t<\/div> \n\t<\/div> <div class=\"vc_empty_space\"   style=\"height: 15px\"><span class=\"vc_empty_space_inner\"><\/span><\/div><\/div><\/div><\/div><div class=\"wpb_column vc_column_container vc_col-sm-6\"><div class=\"vc_column-inner vc_custom_1639178983108\"><div class=\"wpb_wrapper\"><div class=\"vc_empty_space\"   style=\"height: 30px\"><span class=\"vc_empty_space_inner\"><\/span><\/div>\n\t<div class=\"wpb_text_column wpb_content_element\">\n\t\t<div class=\"wpb_wrapper\">\n\t\t\t<div class=\"page\" title=\"P\u00e1gina 1\">\n<div class=\"layoutArea\">\n<div class=\"column\">\n<p><span style=\"color: #000000;\">En Livingston, creemos en retribuir a la comunidad. Los profesionales y voluntarios de Livingston siempre han estado disponibles para hablar sobre una variedad de temas.<\/span><\/p>\n<\/div>\n<\/div>\n<\/div>\n\n\t\t<\/div> \n\t<\/div> <div class=\"vc_empty_space\"   style=\"height: 20px\"><span class=\"vc_empty_space_inner\"><\/span><\/div>\n\t<div class=\"wpb_text_column wpb_content_element\">\n\t\t<div class=\"wpb_wrapper\">\n\t\t\t<div class=\"page\" title=\"P\u00e1gina 1\">\n<div class=\"layoutArea\">\n<div class=\"column\">\n<p><span style=\"color: #000000;\">Hemos creado una serie de seminarios web gratuitos sobre nuestros temas m\u00e1s populares. Cada sesi\u00f3n en vivo durar\u00e1 entre 30 minutos y una hora; tendr\u00e1s muchas oportunidades para hacer preguntas. Tambi\u00e9n pondremos las grabaciones y diapositivas a disposici\u00f3n durante todo el a\u00f1o.<\/span><\/p>\n<\/div>\n<\/div>\n<\/div>\n\n\t\t<\/div> \n\t<\/div> <div class=\"vc_empty_space\"   style=\"height: 240px\"><span class=\"vc_empty_space_inner\"><\/span><\/div>\n\t<div class=\"wpb_single_image wpb_content_element vc_align_center  element_from_left\">\n\t\t<div class=\"wpb_wrapper\">\n\t\t\t\n\t\t\t<a href=\"https:\/\/www.lmvna.org\/es\/webinars\/webinarregistrationform\/\" target=\"_self\"><div class=\"vc_single_image-wrapper   vc_box_border_grey\"><img loading=\"lazy\" decoding=\"async\" width=\"600\" height=\"152\" src=\"https:\/\/www.lmvna.org\/wp-content\/uploads\/2024\/01\/PageGraphic_FreeRegistration_011024.png\" class=\"vc_single_image-img attachment-large\" alt=\"\" title=\"PageGraphic_FreeRegistration_011024\" srcset=\"https:\/\/www.lmvna.org\/wp-content\/uploads\/2024\/01\/PageGraphic_FreeRegistration_011024.png 600w, https:\/\/www.lmvna.org\/wp-content\/uploads\/2024\/01\/PageGraphic_FreeRegistration_011024-300x76.png 300w, https:\/\/www.lmvna.org\/wp-content\/uploads\/2024\/01\/PageGraphic_FreeRegistration_011024-18x5.png 18w\" sizes=\"(max-width: 600px) 100vw, 600px\" \/><\/div><\/a>\n\t\t<\/div>\n\t<\/div>\n\n\t<div class=\"wpb_text_column wpb_content_element\">\n\t\t<div class=\"wpb_wrapper\">\n\t\t\t<h3 style=\"text-align: center;\"><strong>Pr\u00f3ximos seminarios web<\/strong><\/h3>\n<hr \/>\n<h3 style=\"text-align: center;\">Coming Soon<\/h3>\n\n\t\t<\/div> \n\t<\/div> <div class=\"vc_empty_space\"   style=\"height: 30px\"><span class=\"vc_empty_space_inner\"><\/span><\/div><\/div><\/div><\/div><\/div><\/div><div     class=\"vc_row wpb_row section vc_row-fluid\" style=' text-align:left;'><div class=\"full_section_inner clearfix\"><div class=\"wpb_column vc_column_container vc_col-sm-12\"><div class=\"vc_column-inner\"><div class=\"wpb_wrapper\"><div class=\"vc_empty_space\"   style=\"height: 32px\"><span class=\"vc_empty_space_inner\"><\/span><\/div><\/div><\/div><\/div><\/div><\/div>","protected":false},"excerpt":{"rendered":"Livingston Webinars Previous Webinars Medicare Options In-Home Care Options C\u00f3mo los servicios de Hospicio pueden ayudar Advance Directives Advances in the Diagnosis and Treatment of Alzheimer\u2019s Disease Exercises For Healthy Living Nurturing Grief: Embracing Grief Rituals Palliative Care Dementia Awareness How A Caregiver Can Help...","protected":false},"author":6,"featured_media":0,"parent":0,"menu_order":0,"comment_status":"closed","ping_status":"closed","template":"full_width.php","meta":{"_monsterinsights_skip_tracking":false,"_monsterinsights_sitenote_active":false,"_monsterinsights_sitenote_note":"","_monsterinsights_sitenote_category":0,"footnotes":""},"class_list":["post-12181","page","type-page","status-publish","hentry"],"_links":{"self":[{"href":"https:\/\/www.lmvna.org\/es\/wp-json\/wp\/v2\/pages\/12181"}],"collection":[{"href":"https:\/\/www.lmvna.org\/es\/wp-json\/wp\/v2\/pages"}],"about":[{"href":"https:\/\/www.lmvna.org\/es\/wp-json\/wp\/v2\/types\/page"}],"author":[{"embeddable":true,"href":"https:\/\/www.lmvna.org\/es\/wp-json\/wp\/v2\/users\/6"}],"replies":[{"embeddable":true,"href":"https:\/\/www.lmvna.org\/es\/wp-json\/wp\/v2\/comments?post=12181"}],"version-history":[{"count":129,"href":"https:\/\/www.lmvna.org\/es\/wp-json\/wp\/v2\/pages\/12181\/revisions"}],"predecessor-version":[{"id":16898,"href":"https:\/\/www.lmvna.org\/es\/wp-json\/wp\/v2\/pages\/12181\/revisions\/16898"}],"wp:attachment":[{"href":"https:\/\/www.lmvna.org\/es\/wp-json\/wp\/v2\/media?parent=12181"}],"curies":[{"name":"wp","href":"https:\/\/api.w.org\/{rel}","templated":true}]}}