{"id":11871,"date":"2022-03-10T12:59:20","date_gmt":"2022-03-10T20:59:20","guid":{"rendered":"https:\/\/www.lmvna.org\/?page_id=11871"},"modified":"2022-03-30T16:00:32","modified_gmt":"2022-03-30T23:00:32","slug":"polst","status":"publish","type":"page","link":"https:\/\/www.lmvna.org\/es\/polst\/","title":{"rendered":"POL\u00cdTICA"},"content":{"rendered":"<div     class=\"vc_row wpb_row section vc_row-fluid vc_custom_1639081744117 grid_section\" style=' text-align:left;'><div class=\"section_inner clearfix\"><div class='section_inner_margin clearfix'><div class=\"wpb_column vc_column_container vc_col-sm-12\"><div class=\"vc_column-inner\"><div class=\"wpb_wrapper\"><div class=\"vc_empty_space\"   style=\"height: 60px\"><span class=\"vc_empty_space_inner\"><\/span><\/div><\/div><\/div><\/div><\/div><\/div><\/div><div     class=\"vc_row wpb_row section vc_row-fluid vc_custom_1639087876247 grid_section\" style=' text-align:center;'><div class=\"section_inner clearfix\"><div class='section_inner_margin clearfix'><div class=\"element_from_fade\"><div><div class=\"wpb_column vc_column_container vc_col-sm-12\"><div class=\"vc_column-inner\"><div class=\"wpb_wrapper\"><div class=\"vc_empty_space\"   style=\"height: 10px\"><span class=\"vc_empty_space_inner\"><\/span><\/div>\n\t<div class=\"wpb_text_column wpb_content_element\">\n\t\t<div class=\"wpb_wrapper\">\n\t\t\t<h2><span style=\"color: #ffffff;\">PLANIFICACI\u00d3N DEL FINAL DE LA VIDA<\/span><\/h2>\n\n\t\t<\/div> \n\t<\/div> <div class=\"vc_empty_space\"   style=\"height: 10px\"><span class=\"vc_empty_space_inner\"><\/span><\/div><\/div><\/div><\/div><\/div><\/div><\/div><\/div><\/div><div     class=\"vc_row wpb_row section vc_row-fluid fullwidth\" style=' text-align:left;'><div class=\"full_section_inner clearfix\"><div class=\"wpb_column vc_column_container vc_col-sm-6\"><div class=\"vc_column-inner\"><div class=\"wpb_wrapper\">\n\t<div class=\"wpb_single_image wpb_content_element vc_align_right  element_from_left\">\n\t\t<div class=\"wpb_wrapper\">\n\t\t\t\n\t\t\t<div class=\"vc_single_image-wrapper   vc_box_border_grey\"><img decoding=\"async\" src=\"https:\/\/www.lmvna.org\/wp-content\/uploads\/2022\/03\/POLST_Microsite-min.jpeg\" class=\"vc_single_image-img attachment-full\" alt=\"\" title=\"POLST_Micrositio-min\" \/><\/div>\n\t\t<\/div>\n\t<\/div>\n<\/div><\/div><\/div><div class=\"wpb_column vc_column_container vc_col-sm-6\"><div class=\"vc_column-inner vc_custom_1639178983108\"><div class=\"wpb_wrapper\"><div class=\"vc_empty_space\"   style=\"height: 20px\"><span class=\"vc_empty_space_inner\"><\/span><\/div>\n\t<div class=\"wpb_text_column wpb_content_element\">\n\t\t<div class=\"wpb_wrapper\">\n\t\t\t<p>En caso de que no pueda hablar por s\u00ed mismo durante una crisis m\u00e9dica, el formulario POLST (\u00d3rdenes m\u00e9dicas para tratamientos de soporte vital) documenta la orden m\u00e9dica. Le brinda m\u00e1s control sobre c\u00f3mo recibir los tratamientos que desea recibir y evitar los que no desea recibir.<\/p>\n\n\t\t<\/div> \n\t<\/div> <div class=\"vc_empty_space\"   style=\"height: 20px\"><span class=\"vc_empty_space_inner\"><\/span><\/div>\n\t<div class=\"wpb_text_column wpb_content_element\">\n\t\t<div class=\"wpb_wrapper\">\n\t\t\t<p style=\"text-align: center;\"><strong>Para solicitar su propio formulario POLST, haga clic en el enlace de pedido a continuaci\u00f3n.<\/strong><\/p>\n\n\t\t<\/div> \n\t<\/div> <div class=\"vc_empty_space\"   style=\"height: 20px\"><span class=\"vc_empty_space_inner\"><\/span><\/div><div class=\"separator  normal\" style=\"border-color: #92c1e9;border-width:15px\"><\/div>\n<div class=\"vc_empty_space\"   style=\"height: 20px\"><span class=\"vc_empty_space_inner\"><\/span><\/div>\n\t<div class=\"wpb_text_column wpb_content_element\">\n\t\t<div class=\"wpb_wrapper\">\n\t\t\t<p style=\"text-align: left;\">Llamar: <span style=\"color: #0057b7;\">(805) 642-0239<\/span> ext. 641<\/p>\n<p style=\"text-align: left;\">o<\/p>\n\n\t\t<\/div> \n\t<\/div> <div class=\"vc_empty_space\"   style=\"height: 20px\"><span class=\"vc_empty_space_inner\"><\/span><\/div><a href=\"https:\/\/www.lmvna.org\/es\/polst\/polst-registration-form\/\" target=\"_self\" data-hover-background-color=\"#eeee22\" data-hover-color=\"#000000\" class=\"qbutton  large\" style=\"color: #ffffff; font-style: normal; font-size: 36pxpx; background-color: #1e73be;\">Solicite su formulario POLST<\/a><\/div><\/div><\/div><\/div><\/div><div     class=\"vc_row wpb_row section vc_row-fluid vc_custom_1648680832465\" style='background-color:#ffffff; text-align:left;'><div class=\"full_section_inner clearfix\"><div class=\"wpb_column vc_column_container vc_col-sm-12\"><div class=\"vc_column-inner\"><div class=\"wpb_wrapper\"><div class=\"vc_empty_space\"   style=\"height: 55px\"><span class=\"vc_empty_space_inner\"><\/span><\/div>\n\t<div class=\"wpb_text_column wpb_content_element\">\n\t\t<div class=\"wpb_wrapper\">\n\t\t\t<p style=\"text-align: center;\"><strong>Vea el seminario web grabado a continuaci\u00f3n<\/strong><\/p>\n\n\t\t<\/div> \n\t<\/div> <div class=\"vc_empty_space\"   style=\"height: 25px\"><span class=\"vc_empty_space_inner\"><\/span><\/div>\n\t<div class=\"wpb_video_widget wpb_content_element vc_clearfix   vc_video-aspect-ratio-169 vc_video-el-width-40 vc_video-align-center\" >\n\t\t<div class=\"wpb_wrapper\">\n\t\t\t\n\t\t\t<div class=\"wpb_video_wrapper\"><iframe loading=\"lazy\" title=\"Seminario web POLST\" width=\"1060\" height=\"795\" src=\"https:\/\/www.youtube.com\/embed\/-nAuZBghqKQ?feature=oembed\" frameborder=\"0\" allow=\"accelerometer; autoplay; clipboard-write; encrypted-media; gyroscope; picture-in-picture\" allowfullscreen><\/iframe><\/div>\n\t\t<\/div>\n\t<\/div>\n<div class=\"vc_empty_space\"   style=\"height: 55px\"><span class=\"vc_empty_space_inner\"><\/span><\/div><\/div><\/div><\/div><\/div><\/div>","protected":false},"excerpt":{"rendered":"END OF LIFE PLANNING In the event you can\u2019t speak for yourself in a medical crisis, the POLST (Physician Orders for Life Sustaining Treatment) form documents the medical order. It gives you more control over receiving treatments you do want to receive \u2013 and avoiding...","protected":false},"author":6,"featured_media":0,"parent":0,"menu_order":0,"comment_status":"closed","ping_status":"closed","template":"full_width.php","meta":{"_monsterinsights_skip_tracking":false,"_monsterinsights_sitenote_active":false,"_monsterinsights_sitenote_note":"","_monsterinsights_sitenote_category":0,"footnotes":""},"class_list":["post-11871","page","type-page","status-publish","hentry"],"_links":{"self":[{"href":"https:\/\/www.lmvna.org\/es\/wp-json\/wp\/v2\/pages\/11871"}],"collection":[{"href":"https:\/\/www.lmvna.org\/es\/wp-json\/wp\/v2\/pages"}],"about":[{"href":"https:\/\/www.lmvna.org\/es\/wp-json\/wp\/v2\/types\/page"}],"author":[{"embeddable":true,"href":"https:\/\/www.lmvna.org\/es\/wp-json\/wp\/v2\/users\/6"}],"replies":[{"embeddable":true,"href":"https:\/\/www.lmvna.org\/es\/wp-json\/wp\/v2\/comments?post=11871"}],"version-history":[{"count":15,"href":"https:\/\/www.lmvna.org\/es\/wp-json\/wp\/v2\/pages\/11871\/revisions"}],"predecessor-version":[{"id":11942,"href":"https:\/\/www.lmvna.org\/es\/wp-json\/wp\/v2\/pages\/11871\/revisions\/11942"}],"wp:attachment":[{"href":"https:\/\/www.lmvna.org\/es\/wp-json\/wp\/v2\/media?parent=11871"}],"curies":[{"name":"wp","href":"https:\/\/api.w.org\/{rel}","templated":true}]}}