{"id":1147,"date":"2019-10-03T19:49:35","date_gmt":"2019-10-04T02:49:35","guid":{"rendered":"http:\/\/www.lmvna.org\/2019\/?page_id=1147"},"modified":"2026-03-05T18:52:09","modified_gmt":"2026-03-06T02:52:09","slug":"palliativecare","status":"publish","type":"page","link":"https:\/\/www.lmvna.org\/es\/palliativecare\/","title":{"rendered":"Cuidados paliativos"},"content":{"rendered":"<div     class=\"vc_row wpb_row section vc_row-fluid  grid_section\" style=' text-align:left;'><div class=\"section_inner clearfix\"><div class='section_inner_margin clearfix'><div class=\"wpb_column vc_column_container vc_col-sm-12\"><div class=\"vc_column-inner\"><div class=\"wpb_wrapper\"><div class=\"vc_empty_space\"   style=\"height: 60px\"><span class=\"vc_empty_space_inner\"><\/span><\/div>\n\t<div class=\"wpb_text_column wpb_content_element\">\n\t\t<div class=\"wpb_wrapper\">\n\t\t\t<h2>Cuidados paliativos<\/h2>\n\n\t\t<\/div> \n\t<\/div> <div class=\"vc_empty_space\"   style=\"height: 5px\"><span class=\"vc_empty_space_inner\"><\/span><\/div>\n\t<div class=\"wpb_text_column wpb_content_element  largeparagraph emaillinks\">\n\t\t<div class=\"wpb_wrapper\">\n\t\t\t<p>Llame ahora (805) 620-6116 o env\u00ede un correo electr\u00f3nico <a href=\"mailto:palliative@lmvna.org\">Director de Cuidados Paliativos<\/a><\/p>\n\n\t\t<\/div> \n\t<\/div> <div class=\"separator titleborder small left\" style=\"border-color: #92C1E9;border-width:11px;width:150px;margin-top:30px;margin-bottom:30px\"><\/div>\n\n\t<div class=\"wpb_text_column wpb_content_element\">\n\t\t<div class=\"wpb_wrapper\">\n\t\t\t<p>Los cuidados paliativos se centran en el alivio de los s\u00edntomas y el estr\u00e9s de una enfermedad grave, con el objetivo de mejorar la calidad de vida del paciente y la familia.<\/p>\n<p>A trav\u00e9s de cuidados paliativos, nuestro equipo de tratamiento abordar\u00e1 las necesidades emocionales, espirituales y sociales de toda la familia. Su equipo tambi\u00e9n considera su tratamiento m\u00e9dico agudo y luego asigna los recursos necesarios. Si mejora, podr\u00e1 realizar la transici\u00f3n a la salud en el hogar y recuperarse. Sin embargo, si su condici\u00f3n empeora, el equipo ya est\u00e1 listo para realizar la transici\u00f3n a cuidados paliativos.<\/p>\n\n\t\t<\/div> \n\t<\/div> <div class=\"vc_empty_space\"   style=\"height: 20px\"><span class=\"vc_empty_space_inner\"><\/span><\/div><\/div><\/div><\/div><\/div><\/div><\/div><div     class=\"vc_row wpb_row section vc_row-fluid vc_custom_1569108818642\" style=' text-align:left;'><div class=\"full_section_inner clearfix\"><div class=\"wpb_animate_when_almost_visible wpb_fadeIn fadeIn wpb_column vc_column_container vc_col-sm-6 vc_col-has-fill\"><div class=\"vc_column-inner vc_custom_1570158906397\"><div class=\"wpb_wrapper\"><div class=\"vc_empty_space\"   style=\"height: 500px\"><span class=\"vc_empty_space_inner\"><\/span><\/div><\/div><\/div><\/div><div class=\"rightcolumnpadding wpb_column vc_column_container vc_col-sm-6\"><div class=\"vc_column-inner vc_custom_1569116049857\"><div class=\"wpb_wrapper\">\n\t<div class=\"wpb_text_column wpb_content_element\">\n\t\t<div class=\"wpb_wrapper\">\n\t\t\t<h1>Servicios incluidos<\/h1>\n\n\t\t<\/div> \n\t<\/div> <div class=\"separator rightborder full_width\" style=\"border-color: #92C1E9;border-width:11px;margin-top:30px;margin-bottom:30px\"><\/div>\n<div id=\"servicelist\"    class=\"vc_row wpb_row vc_inner section vc_row-fluid rightcolumnpadding\" style=' text-align:left;'><div class=\"full_section_inner clearfix\"><div class=\"wpb_column vc_column_container vc_col-sm-6\"><div class=\"vc_column-inner\"><div class=\"wpb_wrapper\">\n\t<div class=\"wpb_text_column wpb_content_element  bullets\">\n\t\t<div class=\"wpb_wrapper\">\n\t\t\t<ul>\n<li>Atenci\u00f3n de enfermer\u00eda especializada<\/li>\n<li>Terapia f\u00edsica<\/li>\n<li>Terapia ocupacional<\/li>\n<li>Terapia del habla y del lenguaje<\/li>\n<li>Trabajo Social M\u00e9dico<\/li>\n<li>Servicios de dietistas registrados<\/li>\n<li>Servicios de asistencia sanitaria a domicilio<\/li>\n<\/ul>\n\n\t\t<\/div> \n\t<\/div> <div class=\"vc_empty_space\"   style=\"height: 30px\"><span class=\"vc_empty_space_inner\"><\/span><\/div><\/div><\/div><\/div><div class=\"wpb_column vc_column_container vc_col-sm-6\"><div class=\"vc_column-inner\"><div class=\"wpb_wrapper\">\n\t<div class=\"wpb_text_column wpb_content_element  bullets\">\n\t\t<div class=\"wpb_wrapper\">\n\t\t\t<ul class=\"ul1\">\n<li class=\"li1\"><span class=\"s2\">Servicios de capell\u00e1n <\/span><\/li>\n<li class=\"li1\"><span class=\"s2\">Programas musicales con m\u00fasicos.<\/span><\/li>\n<li class=\"li1\"><span class=\"s2\">Servicios de voluntariado<\/span><\/li>\n<li class=\"li1\"><span class=\"s2\">Programa de Historia de Vida<\/span><\/li>\n<li class=\"li1\"><span class=\"s2\">Suministros m\u00e9dicos<\/span><\/li>\n<li class=\"li1\"><span class=\"s2\">Servicio de guardia 24 horas al d\u00eda, 7 d\u00edas a la semana<\/span><\/li>\n<\/ul>\n\n\t\t<\/div> \n\t<\/div> <div class=\"vc_empty_space\"   style=\"height: 30px\"><span class=\"vc_empty_space_inner\"><\/span><\/div><\/div><\/div><\/div><\/div><\/div><\/div><\/div><\/div><\/div><\/div><div id=\"white\"    class=\"vc_row wpb_row section vc_row-fluid vc_custom_1569111599919\" style=' text-align:left;'><div class=\"full_section_inner clearfix\"><div class=\"leftcolumnpadding wpb_column vc_column_container vc_col-sm-6\"><div class=\"vc_column-inner\"><div class=\"wpb_wrapper\"><div class=\"vc_empty_space\"   style=\"height: 50px\"><span class=\"vc_empty_space_inner\"><\/span><\/div>\n\t<div class=\"wpb_text_column wpb_content_element\">\n\t\t<div class=\"wpb_wrapper\">\n\t\t\t<div>\n<div>\n<h2>La diferencia de Livingston<\/h2>\n<\/div>\n<\/div>\n\n\t\t<\/div> \n\t<\/div> <div class=\"separator leftborder full_width\" style=\"border-color: #ffffff;border-width:11px;margin-top:30px;margin-bottom:30px\"><\/div>\n\n\t<div class=\"wpb_text_column wpb_content_element\">\n\t\t<div class=\"wpb_wrapper\">\n\t\t\t<ul>\n<li>Full-time Medical Director<\/li>\n<li><span data-olk-copy-source=\"MessageBody\">Physician Assistant<\/span><\/li>\n<li>Enfermera de guardia 24 horas al d\u00eda, 7 d\u00edas a la semana<\/li>\n<li>Plan de atenci\u00f3n personalizado<\/li>\n<\/ul>\n\n\t\t<\/div> \n\t<\/div> <div class=\"vc_empty_space\"   style=\"height: 50px\"><span class=\"vc_empty_space_inner\"><\/span><\/div><\/div><\/div><\/div><div class=\"columnwidth700right wpb_column vc_column_container vc_col-sm-6\"><div class=\"vc_column-inner\"><div class=\"wpb_wrapper\"><div class=\"vc_empty_space\"   style=\"height: 50px\"><span class=\"vc_empty_space_inner\"><\/span><\/div>\n\t<div class=\"wpb_text_column wpb_content_element\">\n\t\t<div class=\"wpb_wrapper\">\n\t\t\t<h3 class=\"p1\"><span class=\"s1\">\u00bfQui\u00e9n se beneficia?<\/span><\/h3>\n\n\t\t<\/div> \n\t<\/div> <div class=\"vc_empty_space\"   style=\"height: 10px\"><span class=\"vc_empty_space_inner\"><\/span><\/div>\n\t<div class=\"wpb_text_column wpb_content_element\">\n\t\t<div class=\"wpb_wrapper\">\n\t\t\t<div>\n<div>\n<p>Pacientes con enfermedades cr\u00f3nicas o que limitan la vida.<\/p>\n<\/div>\n<\/div>\n\n\t\t<\/div> \n\t<\/div> <div class=\"vc_empty_space\"   style=\"height: 40px\"><span class=\"vc_empty_space_inner\"><\/span><\/div>\n\t<div class=\"wpb_text_column wpb_content_element\">\n\t\t<div class=\"wpb_wrapper\">\n\t\t\t<h3>Costo cubierto por<\/h3>\n\n\t\t<\/div> \n\t<\/div> <div class=\"vc_empty_space\"   style=\"height: 10px\"><span class=\"vc_empty_space_inner\"><\/span><\/div>\n\t<div class=\"wpb_text_column wpb_content_element\">\n\t\t<div class=\"wpb_wrapper\">\n\t\t\t<p>Medicare, Medi-Cal y la mayor\u00eda de los planes de seguro privados. Podemos ayudarle a consultar con su proveedor de seguros para saber qu\u00e9 cubrir\u00e1 su p\u00f3liza.<\/p>\n\n\t\t<\/div> \n\t<\/div> <div class=\"vc_empty_space\"   style=\"height: 50px\"><span class=\"vc_empty_space_inner\"><\/span><\/div><\/div><\/div><\/div><\/div><\/div><div     class=\"vc_row wpb_row section vc_row-fluid vc_custom_1569115962304\" style=' text-align:left;'><div class=\"full_section_inner clearfix\"><div class=\"leftcolumnpadding wpb_column vc_column_container vc_col-sm-4\"><div class=\"vc_column-inner\"><div class=\"wpb_wrapper\">\n\t<div class=\"wpb_text_column wpb_content_element\">\n\t\t<div class=\"wpb_wrapper\">\n\t\t\t<h2>\u00a1P\u00f3ngase en contacto con nosotros hoy!<\/h2>\n\n\t\t<\/div> \n\t<\/div> <div class=\"vc_empty_space\"   style=\"height: 40px\"><span class=\"vc_empty_space_inner\"><\/span><\/div>\n\t<div class=\"wpb_text_column wpb_content_element  addressdetails\">\n\t\t<div class=\"wpb_wrapper\">\n\t\t\t<p><strong>Correo electr\u00f3nico<\/strong> <a href=\"mailto:palliative@lmvna.org\">Director de Cuidados Paliativos<\/a><\/p>\n<p><strong>Tel\u00e9fono<\/strong> (805) 642-0239<\/p>\n<p><strong>Admisiones<\/strong> (805) 642-1078 S\u00f3lo referencias m\u00e9dicas<\/p>\n<p><strong>Fax<\/strong> (805) 642-0187<\/p>\n<p><strong>Oficina<\/strong><br \/>\n1996 Eastman Ave., Ste. 101<br \/>\nVentura, CA 93003<\/p>\n\n\t\t<\/div> \n\t<\/div> <div class=\"vc_empty_space\"   style=\"height: 40px\"><span class=\"vc_empty_space_inner\"><\/span><\/div><\/div><\/div><\/div><div class=\"rightcolumnpadding wpb_column vc_column_container vc_col-sm-8\"><div class=\"vc_column-inner\"><div class=\"wpb_wrapper\"><div class=\"vc_empty_space\"   style=\"height: 50px\"><span class=\"vc_empty_space_inner\"><\/span><\/div><script type=\"text\/javascript\">var gform;gform||(document.addEventListener(\"gform_main_scripts_loaded\",function(){gform.scriptsLoaded=!0}),window.addEventListener(\"DOMContentLoaded\",function(){gform.domLoaded=!0}),gform={domLoaded:!1,scriptsLoaded:!1,initializeOnLoaded:function(o){gform.domLoaded&&gform.scriptsLoaded?o():!gform.domLoaded&&gform.scriptsLoaded?window.addEventListener(\"DOMContentLoaded\",o):document.addEventListener(\"gform_main_scripts_loaded\",o)},hooks:{action:{},filter:{}},addAction:function(o,n,r,t){gform.addHook(\"action\",o,n,r,t)},addFilter:function(o,n,r,t){gform.addHook(\"filter\",o,n,r,t)},doAction:function(o){gform.doHook(\"action\",o,arguments)},applyFilters:function(o){return gform.doHook(\"filter\",o,arguments)},removeAction:function(o,n){gform.removeHook(\"action\",o,n)},removeFilter:function(o,n,r){gform.removeHook(\"filter\",o,n,r)},addHook:function(o,n,r,t,i){null==gform.hooks[o][n]&&(gform.hooks[o][n]=[]);var e=gform.hooks[o][n];null==i&&(i=n+\"_\"+e.length),gform.hooks[o][n].push({tag:i,callable:r,priority:t=null==t?10:t})},doHook:function(n,o,r){var t;if(r=Array.prototype.slice.call(r,1),null!=gform.hooks[n][o]&&((o=gform.hooks[n][o]).sort(function(o,n){return o.priority-n.priority}),o.forEach(function(o){\"function\"!=typeof(t=o.callable)&&(t=window[t]),\"action\"==n?t.apply(null,r):r[0]=t.apply(null,r)})),\"filter\"==n)return r[0]},removeHook:function(o,n,t,i){var r;null!=gform.hooks[o][n]&&(r=(r=gform.hooks[o][n]).filter(function(o,n,r){return!!(null!=i&&i!=o.tag||null!=t&&t!=o.priority)}),gform.hooks[o][n]=r)}});<\/script>\n                <div class='gf_browser_gecko gform_wrapper gf_stylespro_wrapper sp_flat_wrapper gform_legacy_markup_wrapper' id='gform_wrapper_4' ><div id='gf_4' class='gform_anchor' tabindex='-1'><\/div><form method='post' enctype='multipart\/form-data' target='gform_ajax_frame_4' id='gform_4' class='gf_stylespro sp_flat gform_legacy_markup' action='\/es\/wp-json\/wp\/v2\/pages\/1147#gf_4' data-trp-original-action=\"\/es\/wp-json\/wp\/v2\/pages\/1147#gf_4\" ><input type=\"hidden\" autocomplete=\"off\" autocorrect=\"off\" name=\"U-r-xeCMMF-Qk-AK-JY-T\" value=\"\" \/> \r\n <input type='hidden' class='gforms-pum' value='{\"closepopup\":false,\"closedelay\":0,\"openpopup\":false,\"openpopup_id\":0}' \/>\n                        <div class='gform_body gform-body'><ul id='gform_fields_4' class='gform_fields top_label form_sublabel_below description_below'><li id=\"field_4_1\"  class=\"gfield gfield_contains_required field_sublabel_below field_description_below gfield_visibility_visible gf_half o_medium\"  data-field-class=\"gf_half o_medium\" data-js-reload=\"field_4_1\"><label class='gfield_label' for='input_4_1' >Nombre<span class=\"gfield_required\"><span class=\"gfield_required gfield_required_asterisk\">*<\/span><\/span><\/label><div class='ginput_container ginput_container_text'><input name='input_1' id='input_4_1' type='text' value='' class='small'     aria-required=\"true\" aria-invalid=\"false\"   \/> <\/div><\/li><li id=\"field_4_2\"  class=\"gfield field_sublabel_below field_description_below gfield_visibility_visible gf_half o_medium\"  data-field-class=\"gf_half o_medium\" data-js-reload=\"field_4_2\"><label class='gfield_label' for='input_4_2' >N\u00famero de tel\u00e9fono<\/label><div class='ginput_container ginput_container_text'><input name='input_2' id='input_4_2' type='text' value='' class='small'      aria-invalid=\"false\"   \/> <\/div><\/li><li id=\"field_4_3\"  class=\"gfield gfield_contains_required field_sublabel_below field_description_below gfield_visibility_visible gf_half o_medium\"  data-field-class=\"gf_half o_medium\" data-js-reload=\"field_4_3\"><label class='gfield_label' for='input_4_3' >Correo electr\u00f3nico<span class=\"gfield_required\"><span class=\"gfield_required gfield_required_asterisk\">*<\/span><\/span><\/label><div class='ginput_container ginput_container_text'><input name='input_3' id='input_4_3' type='text' value='' class='small'     aria-required=\"true\" aria-invalid=\"false\"   \/> <\/div><\/li><li id=\"field_4_4\"  class=\"gfield field_sublabel_below field_description_below gfield_visibility_visible gf_half o_medium\"  data-field-class=\"gf_half o_medium\" data-js-reload=\"field_4_4\"><label class='gfield_label' for='input_4_4' >C\u00f3digo postal<\/label><div class='ginput_container ginput_container_text'><input name='input_4' id='input_4_4' type='text' value='' class='small'      aria-invalid=\"false\"   \/> <\/div><\/li><li id=\"field_4_5\"  class=\"gfield gfield_contains_required field_sublabel_below field_description_below gfield_visibility_visible\"  data-js-reload=\"field_4_5\"><label class='gfield_label' for='input_4_5' >Mensaje<span class=\"gfield_required\"><span class=\"gfield_required gfield_required_asterisk\">*<\/span><\/span><\/label><div class='ginput_container ginput_container_textarea'><textarea name='input_5' id='input_4_5' class='textarea large'     aria-required=\"true\" aria-invalid=\"false\"   rows='10' cols='50'><\/textarea><\/div><\/li><li id=\"field_4_7\"  class=\"gfield gfield--width-full field_sublabel_below field_description_below gfield_visibility_visible\"  data-js-reload=\"field_4_7\"><label class='gfield_label' for='input_4_7' >CAPTCHA<\/label><div id='input_4_7' class='ginput_container ginput_recaptcha' data-sitekey='6Led68UZAAAAAI_6_cGxc1tkPIwAQQFq4Oed0KRJ'  data-theme='light' data-tabindex='0'  data-badge=''><\/div><\/li><\/ul><\/div>\n        <div class='gform_footer top_label'> <input type='submit' id='gform_submit_button_4' class='gform_button button' value='Entregar'  onclick='if(window[\"gf_submitting_4\"]){return false;}  window[\"gf_submitting_4\"]=true;  ' onkeypress='if( event.keyCode == 13 ){ if(window[\"gf_submitting_4\"]){return false;} window[\"gf_submitting_4\"]=true;  jQuery(\"#gform_4\").trigger(\"submit\",[true]); }' \/> <input type='hidden' name='gform_ajax' value='form_id=4&amp;title=&amp;description=&amp;tabindex=0' \/>\n            <input type='hidden' class='gform_hidden' name='is_submit_4' value='1' \/>\n            <input type='hidden' class='gform_hidden' name='gform_submit' value='4' \/>\n            \n            <input type='hidden' class='gform_hidden' name='gform_unique_id' value='' \/>\n            <input type='hidden' class='gform_hidden' name='state_4' value='WyJbXSIsIjQzZmI1OGY1MGIwNTA3NTkwNGM5ODNhMWY2YTZjNmFiIl0=' \/>\n            <input type='hidden' class='gform_hidden' name='gform_target_page_number_4' id='gform_target_page_number_4' value='0' \/>\n            <input type='hidden' class='gform_hidden' name='gform_source_page_number_4' id='gform_source_page_number_4' value='1' \/>\n            <input type='hidden' name='gform_field_values' value='' \/>\n            \n        <\/div>\n                        <input type=\"hidden\" name=\"trp-form-language\" value=\"es\"\/><\/form>\n                        <\/div>\n                <iframe style='display:none;width:0px;height:0px;' src='about:blank' name='gform_ajax_frame_4' id='gform_ajax_frame_4' title='This iframe contains the logic required to handle Ajax powered Gravity Forms.'><\/iframe>\n                <script type=\"text\/javascript\">\n\/* <![CDATA[ *\/\n gform.initializeOnLoaded( function() {gformInitSpinner( 4, 'https:\/\/www.lmvna.org\/wp-content\/plugins\/gravityforms\/images\/spinner.svg' );jQuery('#gform_ajax_frame_4').on('load',function(){var contents = jQuery(this).contents().find('*').html();var is_postback = contents.indexOf('GF_AJAX_POSTBACK') >= 0;if(!is_postback){return;}var form_content = jQuery(this).contents().find('#gform_wrapper_4');var is_confirmation = jQuery(this).contents().find('#gform_confirmation_wrapper_4').length > 0;var is_redirect = contents.indexOf('gformRedirect(){') >= 0;var is_form = form_content.length > 0 && ! is_redirect && ! is_confirmation;var mt = parseInt(jQuery('html').css('margin-top'), 10) + parseInt(jQuery('body').css('margin-top'), 10) + 100;if(is_form){jQuery('#gform_wrapper_4').html(form_content.html());if(form_content.hasClass('gform_validation_error')){jQuery('#gform_wrapper_4').addClass('gform_validation_error');} else {jQuery('#gform_wrapper_4').removeClass('gform_validation_error');}setTimeout( function() { \/* delay the scroll by 50 milliseconds to fix a bug in chrome *\/ jQuery(document).scrollTop(jQuery('#gform_wrapper_4').offset().top - mt); }, 50 );if(window['gformInitDatepicker']) {gformInitDatepicker();}if(window['gformInitPriceFields']) {gformInitPriceFields();}var current_page = jQuery('#gform_source_page_number_4').val();gformInitSpinner( 4, 'https:\/\/www.lmvna.org\/wp-content\/plugins\/gravityforms\/images\/spinner.svg' );jQuery(document).trigger('gform_page_loaded', [4, current_page]);window['gf_submitting_4'] = false;}else if(!is_redirect){var confirmation_content = jQuery(this).contents().find('.GF_AJAX_POSTBACK').html();if(!confirmation_content){confirmation_content = contents;}setTimeout(function(){jQuery('#gform_wrapper_4').replaceWith(confirmation_content);jQuery(document).scrollTop(jQuery('#gf_4').offset().top - mt);jQuery(document).trigger('gform_confirmation_loaded', [4]);window['gf_submitting_4'] = false;wp.a11y.speak(jQuery('#gform_confirmation_message_4').text());}, 50);}else{jQuery('#gform_4').append(contents);if(window['gformRedirect']) {gformRedirect();}}jQuery(document).trigger('gform_post_render', [4, current_page]);} );} ); \n\/* ]]> *\/\n<\/script>\n<\/div><\/div><\/div><\/div><\/div>","protected":false},"excerpt":{"rendered":"Palliative Care Call now (805) 620-6116 or email Director of Palliative Care Palliative care focuses on relief from the symptoms and stress of a serious illness, with a goal to improve the quality of life for the patient and the family. Through palliative care, our...","protected":false},"author":1,"featured_media":0,"parent":0,"menu_order":0,"comment_status":"closed","ping_status":"closed","template":"full_width.php","meta":{"_monsterinsights_skip_tracking":false,"_monsterinsights_sitenote_active":false,"_monsterinsights_sitenote_note":"","_monsterinsights_sitenote_category":0,"footnotes":""},"class_list":["post-1147","page","type-page","status-publish","hentry"],"_links":{"self":[{"href":"https:\/\/www.lmvna.org\/es\/wp-json\/wp\/v2\/pages\/1147"}],"collection":[{"href":"https:\/\/www.lmvna.org\/es\/wp-json\/wp\/v2\/pages"}],"about":[{"href":"https:\/\/www.lmvna.org\/es\/wp-json\/wp\/v2\/types\/page"}],"author":[{"embeddable":true,"href":"https:\/\/www.lmvna.org\/es\/wp-json\/wp\/v2\/users\/1"}],"replies":[{"embeddable":true,"href":"https:\/\/www.lmvna.org\/es\/wp-json\/wp\/v2\/comments?post=1147"}],"version-history":[{"count":20,"href":"https:\/\/www.lmvna.org\/es\/wp-json\/wp\/v2\/pages\/1147\/revisions"}],"predecessor-version":[{"id":21934,"href":"https:\/\/www.lmvna.org\/es\/wp-json\/wp\/v2\/pages\/1147\/revisions\/21934"}],"wp:attachment":[{"href":"https:\/\/www.lmvna.org\/es\/wp-json\/wp\/v2\/media?parent=1147"}],"curies":[{"name":"wp","href":"https:\/\/api.w.org\/{rel}","templated":true}]}}