{"id":1126,"date":"2019-10-03T18:32:26","date_gmt":"2019-10-04T01:32:26","guid":{"rendered":"http:\/\/www.lmvna.org\/2019\/?page_id=1126"},"modified":"2026-03-05T18:47:09","modified_gmt":"2026-03-06T02:47:09","slug":"hospice","status":"publish","type":"page","link":"https:\/\/www.lmvna.org\/es\/hospice\/","title":{"rendered":"Hospicio"},"content":{"rendered":"<div     class=\"vc_row wpb_row section vc_row-fluid  grid_section\" style=' text-align:left;'><div class=\"section_inner clearfix\"><div class='section_inner_margin clearfix'><div class=\"wpb_column vc_column_container vc_col-sm-12\"><div class=\"vc_column-inner\"><div class=\"wpb_wrapper\"><div class=\"vc_empty_space\"   style=\"height: 60px\"><span class=\"vc_empty_space_inner\"><\/span><\/div>\n\t<div class=\"wpb_text_column wpb_content_element\">\n\t\t<div class=\"wpb_wrapper\">\n\t\t\t<h2>Hospicio<\/h2>\n\n\t\t<\/div> \n\t<\/div> <div class=\"vc_empty_space\"   style=\"height: 5px\"><span class=\"vc_empty_space_inner\"><\/span><\/div><\/div><\/div><\/div><\/div><\/div><\/div><div     class=\"vc_row wpb_row section vc_row-fluid  grid_section\" style=' text-align:left;'><div class=\"section_inner clearfix\"><div class='section_inner_margin clearfix'><div class=\"wpb_column vc_column_container vc_col-sm-8\"><div class=\"vc_column-inner\"><div class=\"wpb_wrapper\">\n\t<div class=\"wpb_text_column wpb_content_element  largeparagraph emaillinks\">\n\t\t<div class=\"wpb_wrapper\">\n\t\t\t<p>Llame ahora (805) 642-1608 o env\u00ede un correo electr\u00f3nico <a href=\"mailto:hospicecare@lmvna.org\">Director de Transiciones de Atenci\u00f3n al Paciente<\/a><br \/>\nPara asesoramiento sobre duelo, llame al 805-642-0239 x 755<\/p>\n\n\t\t<\/div> \n\t<\/div> <\/div><\/div><\/div><div class=\"wpb_column vc_column_container vc_col-sm-4\"><div class=\"vc_column-inner\"><div class=\"wpb_wrapper\"><\/div><\/div><\/div><\/div><\/div><\/div><div     class=\"vc_row wpb_row section vc_row-fluid  grid_section\" style=' text-align:left;'><div class=\"section_inner clearfix\"><div class='section_inner_margin clearfix'><div class=\"wpb_column vc_column_container vc_col-sm-12\"><div class=\"vc_column-inner\"><div class=\"wpb_wrapper\"><div class=\"separator titleborder small left\" style=\"border-color: #7a99ac;border-width:11px;width:150px;margin-top:30px;margin-bottom:30px\"><\/div>\n\n\t<div class=\"wpb_text_column wpb_content_element\">\n\t\t<div class=\"wpb_wrapper\">\n\t\t\t<p>Nos especializamos en la atenci\u00f3n de personas con enfermedades avanzadas, con mayor frecuencia para pacientes en los \u00faltimos seis meses de vida cuando la cura ya no es una opci\u00f3n. Somos expertos en ayudar a controlar el dolor y otros s\u00edntomas dif\u00edciles y, lo que es m\u00e1s importante, podemos guiarlo en este viaje. Nuestra atenci\u00f3n orientada al equipo considera a la persona y su familia en su totalidad, enfoc\u00e1ndose en la calidad de vida a trav\u00e9s del manejo del dolor, el apoyo emocional y la atenci\u00f3n espiritual expresamente adaptada a las necesidades y deseos del paciente.<\/p>\n\n\t\t<\/div> \n\t<\/div> <div class=\"vc_empty_space\"   style=\"height: 20px\"><span class=\"vc_empty_space_inner\"><\/span><\/div><\/div><\/div><\/div><\/div><\/div><\/div><div     class=\"vc_row wpb_row section vc_row-fluid vc_custom_1569108818642\" style=' text-align:left;'><div class=\"full_section_inner clearfix\"><div class=\"wpb_animate_when_almost_visible wpb_fadeIn fadeIn wpb_column vc_column_container vc_col-sm-6 vc_col-has-fill\"><div class=\"vc_column-inner vc_custom_1570153983840\"><div class=\"wpb_wrapper\"><div class=\"vc_empty_space\"   style=\"height: 500px\"><span class=\"vc_empty_space_inner\"><\/span><\/div><\/div><\/div><\/div><div class=\"rightcolumnpadding wpb_column vc_column_container vc_col-sm-6\"><div class=\"vc_column-inner vc_custom_1569116049857\"><div class=\"wpb_wrapper\">\n\t<div class=\"wpb_text_column wpb_content_element\">\n\t\t<div class=\"wpb_wrapper\">\n\t\t\t<h1>Servicios incluidos<\/h1>\n\n\t\t<\/div> \n\t<\/div> <div class=\"separator rightborder full_width\" style=\"border-color: #7a99ac;border-width:11px;margin-top:30px;margin-bottom:30px\"><\/div>\n<div id=\"servicelist\"    class=\"vc_row wpb_row vc_inner section vc_row-fluid rightcolumnpadding\" style=' text-align:left;'><div class=\"full_section_inner clearfix\"><div class=\"wpb_column vc_column_container vc_col-sm-2\/5\"><div class=\"vc_column-inner\"><div class=\"wpb_wrapper\">\n\t<div class=\"wpb_text_column wpb_content_element  bullets\">\n\t\t<div class=\"wpb_wrapper\">\n\t\t\t<ul class=\"ul1\">\n<li class=\"li1\"><span class=\"s2\">Atenci\u00f3n de enfermer\u00eda especializada<\/span><\/li>\n<li class=\"li1\"><span class=\"s2\">Trabajo Social M\u00e9dico<\/span><\/li>\n<li class=\"li1\"><span class=\"s2\">Servicios de asistencia de cuidados paliativos<\/span><\/li>\n<li class=\"li1\"><span class=\"s2\">Servicios de capell\u00e1n<\/span><\/li>\n<li class=\"li1\"><span class=\"s2\">Programas musicales y m\u00fasicos.<\/span><\/li>\n<li class=\"li1\"><span class=\"s2\">Servicios de voluntariado<\/span><\/li>\n<li class=\"li1\"><span class=\"s2\">Programa de Historia de Vida<\/span><\/li>\n<\/ul>\n\n\t\t<\/div> \n\t<\/div> <div class=\"vc_empty_space\"   style=\"height: 30px\"><span class=\"vc_empty_space_inner\"><\/span><\/div><\/div><\/div><\/div><div class=\"wpb_column vc_column_container vc_col-sm-3\/5\"><div class=\"vc_column-inner\"><div class=\"wpb_wrapper\">\n\t<div class=\"wpb_text_column wpb_content_element  bullets\">\n\t\t<div class=\"wpb_wrapper\">\n\t\t\t<ul class=\"ul1\">\n<li class=\"li1\"><span class=\"s2\">Medicamentos para el manejo de los s\u00edntomas<\/span><\/li>\n<li class=\"li1\"><span class=\"s2\">Suministros m\u00e9dicos<\/span><\/li>\n<li class=\"li1\"><span class=\"s2\">Equipo m\u00e9dico duradero<\/span><\/li>\n<li class=\"li1\"><span class=\"s2\">Paciente hospitalizado general (GIP) en hospitales locales<\/span><\/li>\n<li class=\"li1\"><span class=\"s2\">Servicio de guardia 24 horas al d\u00eda, 7 d\u00edas a la semana<\/span><\/li>\n<li class=\"li1\"><span class=\"s2\">Apoyo para la familia durante el duelo y el duelo<\/span><\/li>\n<\/ul>\n\n\t\t<\/div> \n\t<\/div> <div class=\"vc_empty_space\"   style=\"height: 30px\"><span class=\"vc_empty_space_inner\"><\/span><\/div><\/div><\/div><\/div><\/div><\/div><\/div><\/div><\/div><\/div><\/div><div id=\"white\"    class=\"vc_row wpb_row section vc_row-fluid vc_custom_1569111599919\" style=' text-align:left;'><div class=\"full_section_inner clearfix\"><div class=\"leftcolumnpadding wpb_column vc_column_container vc_col-sm-6\"><div class=\"vc_column-inner\"><div class=\"wpb_wrapper\"><div class=\"vc_empty_space\"   style=\"height: 50px\"><span class=\"vc_empty_space_inner\"><\/span><\/div>\n\t<div class=\"wpb_text_column wpb_content_element\">\n\t\t<div class=\"wpb_wrapper\">\n\t\t\t<div>\n<div>\n<h2>La diferencia de Livingston<\/h2>\n<\/div>\n<\/div>\n\n\t\t<\/div> \n\t<\/div> <div class=\"separator leftborder full_width\" style=\"border-color: #ffffff;border-width:11px;margin-top:30px;margin-bottom:30px\"><\/div>\n\n\t<div class=\"wpb_text_column wpb_content_element\">\n\t\t<div class=\"wpb_wrapper\">\n\t\t\t<ul>\n<li class=\"li1\"><span data-olk-copy-source=\"MessageBody\">Hospice Physicians<\/span><\/li>\n<li class=\"li1\"><span class=\"s2\">Medical Director available for home visits<\/span><\/li>\n<li class=\"li1\"><span class=\"s2\">Plan personalizado de gesti\u00f3n de s\u00edntomas<\/span><\/li>\n<li class=\"li1\"><span class=\"s3\">Servicios gratuitos de duelo y duelo<\/span><\/li>\n<\/ul>\n\n\t\t<\/div> \n\t<\/div> <div class=\"vc_empty_space\"   style=\"height: 50px\"><span class=\"vc_empty_space_inner\"><\/span><\/div><\/div><\/div><\/div><div class=\"columnwidth700right wpb_column vc_column_container vc_col-sm-6\"><div class=\"vc_column-inner\"><div class=\"wpb_wrapper\"><div class=\"vc_empty_space\"   style=\"height: 50px\"><span class=\"vc_empty_space_inner\"><\/span><\/div>\n\t<div class=\"wpb_text_column wpb_content_element\">\n\t\t<div class=\"wpb_wrapper\">\n\t\t\t<h3 class=\"p1\"><span class=\"s1\">\u00bfQui\u00e9n se beneficia?<\/span><\/h3>\n\n\t\t<\/div> \n\t<\/div> <div class=\"vc_empty_space\"   style=\"height: 10px\"><span class=\"vc_empty_space_inner\"><\/span><\/div>\n\t<div class=\"wpb_text_column wpb_content_element\">\n\t\t<div class=\"wpb_wrapper\">\n\t\t\t<div class=\"wpb_text_column wpb_content_element\">\n<div class=\"wpb_wrapper\"><\/div>\n<\/div>\n<div class=\"wpb_text_column wpb_content_element\">\n<div class=\"wpb_wrapper\">\n<p>Apropiado para cualquier persona con una esperanza de vida limitada de seis meses o menos y que ya no reciba tratamientos curativos.<\/p>\n<\/div>\n<\/div>\n\n\t\t<\/div> \n\t<\/div> <div class=\"vc_empty_space\"   style=\"height: 40px\"><span class=\"vc_empty_space_inner\"><\/span><\/div>\n\t<div class=\"wpb_text_column wpb_content_element\">\n\t\t<div class=\"wpb_wrapper\">\n\t\t\t<h3>Costo cubierto por<\/h3>\n\n\t\t<\/div> \n\t<\/div> <div class=\"vc_empty_space\"   style=\"height: 10px\"><span class=\"vc_empty_space_inner\"><\/span><\/div>\n\t<div class=\"wpb_text_column wpb_content_element\">\n\t\t<div class=\"wpb_wrapper\">\n\t\t\t<p>Medicare, Medi-Cal y la mayor\u00eda de los seguros privados. Podemos ayudarle a consultar con su proveedor de seguros para saber qu\u00e9 cubrir\u00e1 su p\u00f3liza.<\/p>\n\n\t\t<\/div> \n\t<\/div> <div class=\"vc_empty_space\"   style=\"height: 50px\"><span class=\"vc_empty_space_inner\"><\/span><\/div><\/div><\/div><\/div><\/div><\/div><div     class=\"vc_row wpb_row section vc_row-fluid vc_custom_1569115962304\" style=' text-align:left;'><div class=\"full_section_inner clearfix\"><div class=\"leftcolumnpadding wpb_column vc_column_container vc_col-sm-4\"><div class=\"vc_column-inner\"><div class=\"wpb_wrapper\">\n\t<div class=\"wpb_text_column wpb_content_element\">\n\t\t<div class=\"wpb_wrapper\">\n\t\t\t<h2>\u00a1P\u00f3ngase en contacto con nosotros hoy!<\/h2>\n\n\t\t<\/div> \n\t<\/div> <div class=\"vc_empty_space\"   style=\"height: 40px\"><span class=\"vc_empty_space_inner\"><\/span><\/div>\n\t<div class=\"wpb_text_column wpb_content_element  addressdetails\">\n\t\t<div class=\"wpb_wrapper\">\n\t\t\t<p><strong>Correo electr\u00f3nico<\/strong> <a href=\"mailto:hospice@lmvna.org\">Director de Transiciones de Atenci\u00f3n al Paciente<\/a><\/p>\n<p><strong>Tel\u00e9fono<\/strong> (805) 642-1608 (Hospicio)<br \/>\n805-642-0239 x 755 (consejer\u00eda en duelo)<\/p>\n<p><strong>Fax<\/strong> (805) 642-0830<\/p>\n<p><strong>Oficina<\/strong><br \/>\n1996 Eastman Ave., Ste. 101<br \/>\nVentura, CA 93003<\/p>\n\n\t\t<\/div> \n\t<\/div> <div class=\"vc_empty_space\"   style=\"height: 40px\"><span class=\"vc_empty_space_inner\"><\/span><\/div><\/div><\/div><\/div><div class=\"rightcolumnpadding wpb_column vc_column_container vc_col-sm-8\"><div class=\"vc_column-inner\"><div class=\"wpb_wrapper\">\n\t<div class=\"wpb_text_column wpb_content_element\">\n\t\t<div class=\"wpb_wrapper\">\n\t\t\t<p id=\"hospiceform\"><a href=\"#hospiceform\"><span style=\"color: #ffffff;\">Formulario de contacto de hospicio<\/span><\/a><\/p>\n<div id=\"link-target\"><\/div>\n\n\t\t<\/div> \n\t<\/div> <div class=\"vc_empty_space\"   style=\"height: 50px\"><span class=\"vc_empty_space_inner\"><\/span><\/div><script type=\"text\/javascript\">var gform;gform||(document.addEventListener(\"gform_main_scripts_loaded\",function(){gform.scriptsLoaded=!0}),window.addEventListener(\"DOMContentLoaded\",function(){gform.domLoaded=!0}),gform={domLoaded:!1,scriptsLoaded:!1,initializeOnLoaded:function(o){gform.domLoaded&&gform.scriptsLoaded?o():!gform.domLoaded&&gform.scriptsLoaded?window.addEventListener(\"DOMContentLoaded\",o):document.addEventListener(\"gform_main_scripts_loaded\",o)},hooks:{action:{},filter:{}},addAction:function(o,n,r,t){gform.addHook(\"action\",o,n,r,t)},addFilter:function(o,n,r,t){gform.addHook(\"filter\",o,n,r,t)},doAction:function(o){gform.doHook(\"action\",o,arguments)},applyFilters:function(o){return gform.doHook(\"filter\",o,arguments)},removeAction:function(o,n){gform.removeHook(\"action\",o,n)},removeFilter:function(o,n,r){gform.removeHook(\"filter\",o,n,r)},addHook:function(o,n,r,t,i){null==gform.hooks[o][n]&&(gform.hooks[o][n]=[]);var e=gform.hooks[o][n];null==i&&(i=n+\"_\"+e.length),gform.hooks[o][n].push({tag:i,callable:r,priority:t=null==t?10:t})},doHook:function(n,o,r){var t;if(r=Array.prototype.slice.call(r,1),null!=gform.hooks[n][o]&&((o=gform.hooks[n][o]).sort(function(o,n){return o.priority-n.priority}),o.forEach(function(o){\"function\"!=typeof(t=o.callable)&&(t=window[t]),\"action\"==n?t.apply(null,r):r[0]=t.apply(null,r)})),\"filter\"==n)return r[0]},removeHook:function(o,n,t,i){var r;null!=gform.hooks[o][n]&&(r=(r=gform.hooks[o][n]).filter(function(o,n,r){return!!(null!=i&&i!=o.tag||null!=t&&t!=o.priority)}),gform.hooks[o][n]=r)}});<\/script>\n                <div class='gf_browser_gecko gform_wrapper gf_stylespro_wrapper sp_flat_wrapper gform_legacy_markup_wrapper' id='gform_wrapper_3' ><div id='gf_3' class='gform_anchor' tabindex='-1'><\/div><form method='post' enctype='multipart\/form-data' target='gform_ajax_frame_3' id='gform_3' class='gf_stylespro sp_flat gform_legacy_markup' action='\/es\/wp-json\/wp\/v2\/pages\/1126#gf_3' data-trp-original-action=\"\/es\/wp-json\/wp\/v2\/pages\/1126#gf_3\" ><input type=\"hidden\" autocomplete=\"off\" autocorrect=\"off\" name=\"U-r-xeCMMF-Qk-AK-JY-T\" value=\"\" \/> \r\n <input type='hidden' class='gforms-pum' value='{\"closepopup\":false,\"closedelay\":0,\"openpopup\":false,\"openpopup_id\":0}' \/>\n                        <div class='gform_body gform-body'><ul id='gform_fields_3' class='gform_fields top_label form_sublabel_below description_below'><li id=\"field_3_1\"  class=\"gfield gfield_contains_required field_sublabel_below field_description_below gfield_visibility_visible gf_half o_medium\"  data-field-class=\"gf_half o_medium\" data-js-reload=\"field_3_1\"><label class='gfield_label' for='input_3_1' >Nombre<span class=\"gfield_required\"><span class=\"gfield_required gfield_required_asterisk\">*<\/span><\/span><\/label><div class='ginput_container ginput_container_text'><input name='input_1' id='input_3_1' type='text' value='' class='small'     aria-required=\"true\" aria-invalid=\"false\"   \/> <\/div><\/li><li id=\"field_3_2\"  class=\"gfield field_sublabel_below field_description_below gfield_visibility_visible gf_half o_medium\"  data-field-class=\"gf_half o_medium\" data-js-reload=\"field_3_2\"><label class='gfield_label' for='input_3_2' >N\u00famero de tel\u00e9fono<\/label><div class='ginput_container ginput_container_text'><input name='input_2' id='input_3_2' type='text' value='' class='small'      aria-invalid=\"false\"   \/> <\/div><\/li><li id=\"field_3_3\"  class=\"gfield gfield_contains_required field_sublabel_below field_description_below gfield_visibility_visible gf_half o_medium\"  data-field-class=\"gf_half o_medium\" data-js-reload=\"field_3_3\"><label class='gfield_label' for='input_3_3' >Correo electr\u00f3nico<span class=\"gfield_required\"><span class=\"gfield_required gfield_required_asterisk\">*<\/span><\/span><\/label><div class='ginput_container ginput_container_text'><input name='input_3' id='input_3_3' type='text' value='' class='small'     aria-required=\"true\" aria-invalid=\"false\"   \/> <\/div><\/li><li id=\"field_3_4\"  class=\"gfield field_sublabel_below field_description_below gfield_visibility_visible gf_half o_medium\"  data-field-class=\"gf_half o_medium\" data-js-reload=\"field_3_4\"><label class='gfield_label' for='input_3_4' >C\u00f3digo postal<\/label><div class='ginput_container ginput_container_text'><input name='input_4' id='input_3_4' type='text' value='' class='small'      aria-invalid=\"false\"   \/> <\/div><\/li><li id=\"field_3_5\"  class=\"gfield gfield_contains_required field_sublabel_below field_description_below gfield_visibility_visible\"  data-js-reload=\"field_3_5\"><label class='gfield_label' for='input_3_5' >Mensaje<span class=\"gfield_required\"><span class=\"gfield_required gfield_required_asterisk\">*<\/span><\/span><\/label><div class='ginput_container ginput_container_textarea'><textarea name='input_5' id='input_3_5' class='textarea large'     aria-required=\"true\" aria-invalid=\"false\"   rows='10' cols='50'><\/textarea><\/div><\/li><li id=\"field_3_7\"  class=\"gfield gfield--width-full field_sublabel_below field_description_below gfield_visibility_visible\"  data-js-reload=\"field_3_7\"><label class='gfield_label' for='input_3_7' >CAPTCHA<\/label><div id='input_3_7' class='ginput_container ginput_recaptcha' data-sitekey='6Led68UZAAAAAI_6_cGxc1tkPIwAQQFq4Oed0KRJ'  data-theme='light' data-tabindex='0'  data-badge=''><\/div><\/li><\/ul><\/div>\n        <div class='gform_footer top_label'> <input type='submit' id='gform_submit_button_3' class='gform_button button' value='Entregar'  onclick='if(window[\"gf_submitting_3\"]){return false;}  window[\"gf_submitting_3\"]=true;  ' onkeypress='if( event.keyCode == 13 ){ if(window[\"gf_submitting_3\"]){return false;} window[\"gf_submitting_3\"]=true;  jQuery(\"#gform_3\").trigger(\"submit\",[true]); }' \/> <input type='hidden' name='gform_ajax' value='form_id=3&amp;title=&amp;description=&amp;tabindex=0' \/>\n            <input type='hidden' class='gform_hidden' name='is_submit_3' value='1' \/>\n            <input type='hidden' class='gform_hidden' name='gform_submit' value='3' \/>\n            \n            <input type='hidden' class='gform_hidden' name='gform_unique_id' value='' \/>\n            <input type='hidden' class='gform_hidden' name='state_3' value='WyJbXSIsIjQzZmI1OGY1MGIwNTA3NTkwNGM5ODNhMWY2YTZjNmFiIl0=' \/>\n            <input type='hidden' class='gform_hidden' name='gform_target_page_number_3' id='gform_target_page_number_3' value='0' \/>\n            <input type='hidden' class='gform_hidden' name='gform_source_page_number_3' id='gform_source_page_number_3' value='1' \/>\n            <input type='hidden' name='gform_field_values' value='' \/>\n            \n        <\/div>\n                        <input type=\"hidden\" name=\"trp-form-language\" value=\"es\"\/><\/form>\n                        <\/div>\n                <iframe style='display:none;width:0px;height:0px;' src='about:blank' name='gform_ajax_frame_3' id='gform_ajax_frame_3' title='This iframe contains the logic required to handle Ajax powered Gravity Forms.'><\/iframe>\n                <script type=\"text\/javascript\">\n\/* <![CDATA[ *\/\n gform.initializeOnLoaded( function() {gformInitSpinner( 3, 'https:\/\/www.lmvna.org\/wp-content\/plugins\/gravityforms\/images\/spinner.svg' );jQuery('#gform_ajax_frame_3').on('load',function(){var contents = jQuery(this).contents().find('*').html();var is_postback = contents.indexOf('GF_AJAX_POSTBACK') >= 0;if(!is_postback){return;}var form_content = jQuery(this).contents().find('#gform_wrapper_3');var is_confirmation = jQuery(this).contents().find('#gform_confirmation_wrapper_3').length > 0;var is_redirect = contents.indexOf('gformRedirect(){') >= 0;var is_form = form_content.length > 0 && ! is_redirect && ! is_confirmation;var mt = parseInt(jQuery('html').css('margin-top'), 10) + parseInt(jQuery('body').css('margin-top'), 10) + 100;if(is_form){jQuery('#gform_wrapper_3').html(form_content.html());if(form_content.hasClass('gform_validation_error')){jQuery('#gform_wrapper_3').addClass('gform_validation_error');} else {jQuery('#gform_wrapper_3').removeClass('gform_validation_error');}setTimeout( function() { \/* delay the scroll by 50 milliseconds to fix a bug in chrome *\/ jQuery(document).scrollTop(jQuery('#gform_wrapper_3').offset().top - mt); }, 50 );if(window['gformInitDatepicker']) {gformInitDatepicker();}if(window['gformInitPriceFields']) {gformInitPriceFields();}var current_page = jQuery('#gform_source_page_number_3').val();gformInitSpinner( 3, 'https:\/\/www.lmvna.org\/wp-content\/plugins\/gravityforms\/images\/spinner.svg' );jQuery(document).trigger('gform_page_loaded', [3, current_page]);window['gf_submitting_3'] = false;}else if(!is_redirect){var confirmation_content = jQuery(this).contents().find('.GF_AJAX_POSTBACK').html();if(!confirmation_content){confirmation_content = contents;}setTimeout(function(){jQuery('#gform_wrapper_3').replaceWith(confirmation_content);jQuery(document).scrollTop(jQuery('#gf_3').offset().top - mt);jQuery(document).trigger('gform_confirmation_loaded', [3]);window['gf_submitting_3'] = false;wp.a11y.speak(jQuery('#gform_confirmation_message_3').text());}, 50);}else{jQuery('#gform_3').append(contents);if(window['gformRedirect']) {gformRedirect();}}jQuery(document).trigger('gform_post_render', [3, current_page]);} );} ); \n\/* ]]> *\/\n<\/script>\n<\/div><\/div><\/div><\/div><\/div>","protected":false},"excerpt":{"rendered":"Hospice Call now (805) 642-1608 or email Director of Patient Care Transitions For bereavement counseling, call 805-642-0239 x 755 We specialize in the care of people with advanced illness -- most often for patients in the last six months of life when a cure is...","protected":false},"author":1,"featured_media":0,"parent":0,"menu_order":0,"comment_status":"closed","ping_status":"closed","template":"full_width.php","meta":{"_monsterinsights_skip_tracking":false,"_monsterinsights_sitenote_active":false,"_monsterinsights_sitenote_note":"","_monsterinsights_sitenote_category":0,"footnotes":""},"class_list":["post-1126","page","type-page","status-publish","hentry"],"_links":{"self":[{"href":"https:\/\/www.lmvna.org\/es\/wp-json\/wp\/v2\/pages\/1126"}],"collection":[{"href":"https:\/\/www.lmvna.org\/es\/wp-json\/wp\/v2\/pages"}],"about":[{"href":"https:\/\/www.lmvna.org\/es\/wp-json\/wp\/v2\/types\/page"}],"author":[{"embeddable":true,"href":"https:\/\/www.lmvna.org\/es\/wp-json\/wp\/v2\/users\/1"}],"replies":[{"embeddable":true,"href":"https:\/\/www.lmvna.org\/es\/wp-json\/wp\/v2\/comments?post=1126"}],"version-history":[{"count":36,"href":"https:\/\/www.lmvna.org\/es\/wp-json\/wp\/v2\/pages\/1126\/revisions"}],"predecessor-version":[{"id":21932,"href":"https:\/\/www.lmvna.org\/es\/wp-json\/wp\/v2\/pages\/1126\/revisions\/21932"}],"wp:attachment":[{"href":"https:\/\/www.lmvna.org\/es\/wp-json\/wp\/v2\/media?parent=1126"}],"curies":[{"name":"wp","href":"https:\/\/api.w.org\/{rel}","templated":true}]}}