{"id":1080,"date":"2019-10-03T13:24:10","date_gmt":"2019-10-03T20:24:10","guid":{"rendered":"http:\/\/www.lmvna.org\/2019\/?page_id=1080"},"modified":"2025-07-14T11:20:23","modified_gmt":"2025-07-14T18:20:23","slug":"community","status":"publish","type":"page","link":"https:\/\/www.lmvna.org\/es\/community\/","title":{"rendered":"Alcance comunitario"},"content":{"rendered":"<div     class=\"vc_row wpb_row section vc_row-fluid  grid_section\" style=' text-align:left;'><div class=\"section_inner clearfix\"><div class='section_inner_margin clearfix'><div class=\"wpb_column vc_column_container vc_col-sm-12\"><div class=\"vc_column-inner\"><div class=\"wpb_wrapper\"><div class=\"vc_empty_space\"   style=\"height: 60px\"><span class=\"vc_empty_space_inner\"><\/span><\/div>\n\t<div class=\"wpb_text_column wpb_content_element\">\n\t\t<div class=\"wpb_wrapper\">\n\t\t\t<h2>Alcance comunitario<\/h2>\n\n\t\t<\/div> \n\t<\/div> <div class=\"vc_empty_space\"   style=\"height: 5px\"><span class=\"vc_empty_space_inner\"><\/span><\/div>\n\t<div class=\"wpb_text_column wpb_content_element\">\n\t\t<div class=\"wpb_wrapper\">\n\t\t\t<div>Como piedra angular de la comunidad y l\u00edder en atenci\u00f3n m\u00e9dica de calidad, ofrecemos programas educativos comunitarios gratuitos.<\/div>\n\n\t\t<\/div> \n\t<\/div> <div class=\"vc_empty_space\"   style=\"height: 40px\"><span class=\"vc_empty_space_inner\"><\/span><\/div><div     class=\"vc_row wpb_row vc_inner section vc_row-fluid\" style='background-color:#92c1e9; padding-top:5px; padding-bottom:5px; text-align:center;'><div class=\"full_section_inner clearfix\"><div class=\"wpb_column vc_column_container vc_col-sm-4\"><div class=\"vc_column-inner\"><div class=\"wpb_wrapper\">\n\t<div class=\"wpb_raw_code wpb_content_element wpb_raw_html\" >\n\t\t<div class=\"wpb_wrapper\">\n\t\t\t<h4><a href=\"http:\/\/www.lmvna.org\/es\/calendar\/\">Calendario de eventos<\/a> <i class=\"fa fa-caret-right\" style=\"color: #ffffff; margin-left: 2px; vertical-align: text-bottom;\"><\/i><\/h4>\n\t\t<\/div>\n\t<\/div>\n<\/div><\/div><\/div><div class=\"wpb_column vc_column_container vc_col-sm-4\"><div class=\"vc_column-inner\"><div class=\"wpb_wrapper\">\n\t<div class=\"wpb_raw_code wpb_content_element wpb_raw_html\" >\n\t\t<div class=\"wpb_wrapper\">\n\t\t\t<h4><a href=\"https:\/\/www.lmvna.org\/es\/getinvolved\/#events\">Eventos<\/a> <i class=\"fa fa-caret-right\" style=\"color: #ffffff; margin-left: 2px; vertical-align: text-bottom;\"><\/i><\/h4>\n\t\t<\/div>\n\t<\/div>\n<\/div><\/div><\/div><div class=\"wpb_column vc_column_container vc_col-sm-4\"><div class=\"vc_column-inner\"><div class=\"wpb_wrapper\">\n\t<div class=\"wpb_raw_code wpb_content_element wpb_raw_html\" >\n\t\t<div class=\"wpb_wrapper\">\n\t\t\t<h4><a href=\"http:\/\/www.lmvna.org\/es\/contact\/\">Solicitar un orador<\/a> <i class=\"fa fa-caret-right\" style=\"color: #ffffff; margin-left: 2px; vertical-align: text-bottom;\"><\/i><\/h4>\n\t\t<\/div>\n\t<\/div>\n<\/div><\/div><\/div><\/div><\/div><div class=\"vc_empty_space\"   style=\"height: 5px\"><span class=\"vc_empty_space_inner\"><\/span><\/div><\/div><\/div><\/div><\/div><\/div><\/div><div     class=\"vc_row wpb_row section vc_row-fluid fullwidth vc_custom_1696377773407\" style='background-color:#ededed; text-align:left;'><div class=\"full_section_inner clearfix\"><div class=\"wpb_column vc_column_container vc_col-sm-4\"><div class=\"vc_column-inner\"><div class=\"wpb_wrapper\">\n\t<div class=\"wpb_text_column wpb_content_element\">\n\t\t<div class=\"wpb_wrapper\">\n\t\t\t<h3>Seminarios de reemplazo de articulaciones<\/h3>\n<p>En estos <a style=\"color: #0057b7;\" href=\"https:\/\/www.lmvna.org\/es\/calendar\/?tribe_paged=1&amp;tribe_event_display=list&amp;tribe-bar-search=Joint\"><span style=\"color: #0057b7;\">seminarios programados regularmente<\/span><\/a>, recibir\u00e1 informaci\u00f3n sobre c\u00f3mo prepararse para la cirug\u00eda de reemplazo de rodilla o cadera, incluida la seguridad en el hogar, el ejercicio y la rehabilitaci\u00f3n.<\/p>\n\n\t\t<\/div> \n\t<\/div> <div class=\"vc_empty_space\"   style=\"height: 10px\"><span class=\"vc_empty_space_inner\"><\/span><\/div>\n\t<div class=\"wpb_text_column wpb_content_element\">\n\t\t<div class=\"wpb_wrapper\">\n\t\t\t<h4><span style=\"color: #0057b7;\"><a style=\"color: #0057b7;\" href=\"https:\/\/www.lmvna.org\/es\/jointreplacementregistration\/\" target=\"_blank\" rel=\"noopener noreferrer\"><strong><span class=\"TextRun BCX0 SCXW250342902\" lang=\"EN-US\" xml:lang=\"EN-US\" data-contrast=\"auto\"><span class=\"NormalTextRun BCX0 SCXW250342902\">Pulse aqu\u00ed para registrarse<\/span><\/span><\/strong><\/a><\/span><\/h4>\n\n\t\t<\/div> \n\t<\/div> <\/div><\/div><\/div><div class=\"wpb_column vc_column_container vc_col-sm-4\"><div class=\"vc_column-inner\"><div class=\"wpb_wrapper\">\n\t<div class=\"wpb_text_column wpb_content_element\">\n\t\t<div class=\"wpb_wrapper\">\n\t\t\t<h3>Clases de diabetes<\/h3>\n<p>En estos <a style=\"color: #0057b7;\" href=\"https:\/\/www.lmvna.org\/es\/calendar\/list\/?tribe-bar-search=Diabetes\"><span style=\"color: #0057b7;\">clases programadas regularmente<\/span><\/a>, aprender\u00e1 informaci\u00f3n b\u00e1sica sobre la diabetes tipo 2, incluida la prediabetes, con \u00e9nfasis en la planificaci\u00f3n de comidas, el ejercicio, el control del az\u00facar en sangre, los medicamentos y los nuevos avances en el tratamiento.<\/p>\n\n\t\t<\/div> \n\t<\/div> <\/div><\/div><\/div><div class=\"wpb_column vc_column_container vc_col-sm-4\"><div class=\"vc_column-inner\"><div class=\"wpb_wrapper\">\n\t<div class=\"wpb_text_column wpb_content_element\">\n\t\t<div class=\"wpb_wrapper\">\n\t\t\t<h3>Caregiver Support Groups<\/h3>\n<p>Stepping into the role of a family caregiver comes with its unique set of challenges and emotions, whether it&#8217;s a new responsibility for you or one you&#8217;ve been managing for years. Our <span style=\"color: #3366ff;\"><a style=\"color: #3366ff;\" href=\"https:\/\/www.lmvna.org\/es\/calendar\/\"><span style=\"color: #0057b7;\">Caregiver Support Groups<\/span><\/a><\/span> in Ojai provide a compassionate and supportive environment for sharing experiences and finding comfort among those who truly understand. This free resource is dedicated to offering both emotional support and practical advice, helping you navigate the journey of caring for your loved one with strength and resources drawn from a community that cares.<\/p>\n\n\t\t<\/div> \n\t<\/div> <div class=\"vc_empty_space\"   style=\"height: 55px\"><span class=\"vc_empty_space_inner\"><\/span><\/div><\/div><\/div><\/div><\/div><\/div><div     class=\"vc_row wpb_row section vc_row-fluid vc_custom_1696377784636\" style='background-color:#ededed; text-align:left;'><div class=\"full_section_inner clearfix\"><div class=\"wpb_animate_when_almost_visible wpb_fadeIn fadeIn wpb_column vc_column_container vc_col-sm-4 vc_col-has-fill\"><div class=\"vc_column-inner vc_custom_1570134592537\"><div class=\"wpb_wrapper\"><div class=\"vc_empty_space\"   style=\"height: 500px\"><span class=\"vc_empty_space_inner\"><\/span><\/div><\/div><\/div><\/div><div class=\"wpb_column vc_column_container vc_col-sm-8\"><div class=\"vc_column-inner\"><div class=\"wpb_wrapper\">\n\t<div class=\"wpb_text_column wpb_content_element\">\n\t\t<div class=\"wpb_wrapper\">\n\t\t\t<p>En Livingston, creemos en retribuir a la comunidad. Encontrar\u00e1 a nuestros oradores informativos y din\u00e1micos en ferias de salud, grupos comunitarios, organizaciones de servicio, grupos de personas mayores o iglesias hablando sobre:<\/p>\n\n\t\t<\/div> \n\t<\/div> <div class=\"vc_empty_space\"   style=\"height: 20px\"><span class=\"vc_empty_space_inner\"><\/span><\/div>\n\t<div class=\"q_accordion_holder clearfix wpb_content_element toggle boxed  not-column-inherit\" data-active-tab=\"false\" data-collapsible=\"yes\" data-border-radius=\"\">\n\t\t\t\n\t\t\t\t<h3 class=\"clearfix title-holder\" style=\"color: #0057b7; background-color: #ededed;\"><span class=\"accordion_mark left_mark\"><span class=\"accordion_mark_icon\"><span class=\"icon_plus\"><\/span><span class=\"icon_minus-06\"><\/span><\/span><\/span><span class=\"tab-title\"><span class=\"tab-title-inner\">Atenci\u00f3n al final de la vida<\/span><\/span><\/h3>\n\t\t\t\t<div  class=\"accordion_content\">\n\t\t\t<div class=\"accordion_content_inner\">\n\t\t\t\t\n\t<div class=\"wpb_text_column wpb_content_element\">\n\t\t<div class=\"wpb_wrapper\">\n\t\t\t<p>Esta interesante conversaci\u00f3n le har\u00e1 pensar en sus deseos, le guiar\u00e1 para encontrar el momento adecuado para hablar de sus deseos con quienes son importantes para usted y le ayudar\u00e1 a actuar escribi\u00e9ndolo todo.<\/p>\n\n\t\t<\/div> \n\t<\/div> \n\t\t\t<\/div>\n\t\t\t\t<\/div>\n\n\t\t\t\t<h3 class=\"clearfix title-holder\" style=\"color: #0057b7; background-color: #ededed;\"><span class=\"accordion_mark left_mark\"><span class=\"accordion_mark_icon\"><span class=\"icon_plus\"><\/span><span class=\"icon_minus-06\"><\/span><\/span><\/span><span class=\"tab-title\"><span class=\"tab-title-inner\">Conceptos b\u00e1sicos de cuidados paliativos<\/span><\/span><\/h3>\n\t\t\t\t<div  class=\"accordion_content\">\n\t\t\t<div class=\"accordion_content_inner\">\n\t\t\t\t\n\t<div class=\"wpb_text_column wpb_content_element\">\n\t\t<div class=\"wpb_wrapper\">\n\t\t\t<p>Esta esclarecedora presentaci\u00f3n explora los fundamentos b\u00e1sicos de los cuidados paliativos, el beneficio de cuidados paliativos de Medicare, los servicios y suministros espec\u00edficos disponibles y c\u00f3mo Livingston puede abordar situaciones especializadas.<\/p>\n\n\t\t<\/div> \n\t<\/div> \n\t\t\t<\/div>\n\t\t\t\t<\/div>\n\n\t\t\t\t<h3 class=\"clearfix title-holder\" style=\"color: #0057b7; background-color: #ededed;\"><span class=\"accordion_mark left_mark\"><span class=\"accordion_mark_icon\"><span class=\"icon_plus\"><\/span><span class=\"icon_minus-06\"><\/span><\/span><\/span><span class=\"tab-title\"><span class=\"tab-title-inner\">POLST\/Cinco deseos<\/span><\/span><\/h3>\n\t\t\t\t<div  class=\"accordion_content\">\n\t\t\t<div class=\"accordion_content_inner\">\n\t\t\t\t\n\t<div class=\"wpb_text_column wpb_content_element\">\n\t\t<div class=\"wpb_wrapper\">\n\t\t\t<p>Esta presentaci\u00f3n abordar\u00e1 sus deseos personales, emocionales, espirituales y m\u00e9dicos para que sus familiares y amigos no tengan que adivinar lo que usted quiere y tomar decisiones dif\u00edciles sin conocer sus deseos. El testamento vital\/directiva anticipada de Five Wishes es v\u00e1lido en la mayor\u00eda de los estados, incluido California. Los participantes se llevan a casa el folleto f\u00e1cil de completar al final de la presentaci\u00f3n para que lo completen cuando quieran.<\/p>\n<p><a href=\"https:\/\/www.lmvna.org\/es\/5wishes\/\"><strong><span style=\"color: #3366ff;\">APRENDE M\u00c1S<\/span><\/strong><\/a><\/p>\n\n\t\t<\/div> \n\t<\/div> \n\t\t\t<\/div>\n\t\t\t\t<\/div>\n\n\t\t\t\t<h3 class=\"clearfix title-holder\" style=\"color: #0057b7; background-color: #ededed;\"><span class=\"accordion_mark left_mark\"><span class=\"accordion_mark_icon\"><span class=\"icon_plus\"><\/span><span class=\"icon_minus-06\"><\/span><\/span><\/span><span class=\"tab-title\"><span class=\"tab-title-inner\">Envejecimiento en Estados Unidos<\/span><\/span><\/h3>\n\t\t\t\t<div  class=\"accordion_content\">\n\t\t\t<div class=\"accordion_content_inner\">\n\t\t\t\t\n\t<div class=\"wpb_text_column wpb_content_element\">\n\t\t<div class=\"wpb_wrapper\">\n\t\t\t<p>\u00danase a nosotros para tener la oportunidad de aprender y hablar sobre las transiciones, los desaf\u00edos y las opciones que existen al final de la vida. Aprender\u00e1 c\u00f3mo y cu\u00e1ndo tomar decisiones sobre la elecci\u00f3n de atenci\u00f3n m\u00e9dica domiciliaria, cuidados paliativos o cuidados paliativos y cu\u00e1les son las diferencias entre ellos.<\/p>\n\n\t\t<\/div> \n\t<\/div> \n\t\t\t<\/div>\n\t\t\t\t<\/div>\n\n\t\t\t\t<h3 class=\"clearfix title-holder\" style=\"color: #0057b7; background-color: #ededed;\"><span class=\"accordion_mark left_mark\"><span class=\"accordion_mark_icon\"><span class=\"icon_plus\"><\/span><span class=\"icon_minus-06\"><\/span><\/span><\/span><span class=\"tab-title\"><span class=\"tab-title-inner\">Honramos a los veteranos<\/span><\/span><\/h3>\n\t\t\t\t<div  class=\"accordion_content\">\n\t\t\t<div class=\"accordion_content_inner\">\n\t\t\t\t\n\t<div class=\"wpb_text_column wpb_content_element\">\n\t\t<div class=\"wpb_wrapper\">\n\t\t\t<p>Livingston reconoce y honra a todos nuestros veteranos. A lo largo del a\u00f1o, las ceremonias de reconocimiento de Livingston permiten a los residentes del condado de Ventura expresar su gratitud a todos aquellos que han servido.<\/p>\n<p><a href=\"http:\/\/www.lmvna.org\/es\/veterans\/\"><strong><span style=\"color: #3366ff;\">APRENDE M\u00c1S<\/span><\/strong><\/a><\/p>\n\n\t\t<\/div> \n\t<\/div> \n\t\t\t<\/div>\n\t\t\t\t<\/div>\n\n\t\t\t\t<h3 class=\"clearfix title-holder\" style=\"color: #0057b7; background-color: #ededed;\"><span class=\"accordion_mark left_mark\"><span class=\"accordion_mark_icon\"><span class=\"icon_plus\"><\/span><span class=\"icon_minus-06\"><\/span><\/span><\/span><span class=\"tab-title\"><span class=\"tab-title-inner\">Serie de seminarios web<\/span><\/span><\/h3>\n\t\t\t\t<div  class=\"accordion_content\">\n\t\t\t<div class=\"accordion_content_inner\">\n\t\t\t\t\n\t<div class=\"wpb_text_column wpb_content_element\">\n\t\t<div class=\"wpb_wrapper\">\n\t\t\t<p>En Livingston, creemos en retribuir a la comunidad. Los profesionales y voluntarios de Livingston siempre han estado disponibles para hablar sobre una variedad de temas. Hemos creado una serie de seminarios web gratuitos sobre nuestros temas m\u00e1s populares.<\/p>\n<p><a href=\"http:\/\/www.lmvna.org\/es\/webinars\/\"><strong><span style=\"color: #3366ff;\">APRENDE M\u00c1S<\/span><\/strong><\/a><\/p>\n\n\t\t<\/div> \n\t<\/div> \n\t\t\t<\/div>\n\t\t\t\t<\/div>\n\n\t<\/div> <div class=\"vc_empty_space\"   style=\"height: 50px\"><span class=\"vc_empty_space_inner\"><\/span><\/div><\/div><\/div><\/div><\/div><\/div><div     class=\"vc_row wpb_row section vc_row-fluid vc_custom_1570137570651\" style=' text-align:left;'><div class=\"full_section_inner clearfix\"><div class=\"leftquote wpb_animate_when_almost_visible wpb_fadeInLeft fadeInLeft wpb_column vc_column_container vc_col-sm-6 vc_col-has-fill\"><div class=\"vc_column-inner vc_custom_1568929141049\"><div class=\"wpb_wrapper\">\n\t<div class=\"wpb_text_column wpb_content_element\">\n\t\t<div class=\"wpb_wrapper\">\n\t\t\t<p>Muchas gracias por toda su orientaci\u00f3n con respecto al cuidado de mi padre. Livingston ha sido un recurso incre\u00edble para nosotros y toda esta comunidad.<\/p>\n\n\t\t<\/div> \n\t<\/div> <div class=\"vc_empty_space\"   style=\"height: 10px\"><span class=\"vc_empty_space_inner\"><\/span><\/div>\n\t<div class=\"wpb_text_column wpb_content_element  testimonialname\">\n\t\t<div class=\"wpb_wrapper\">\n\t\t\t<p>\u2013 Miembro de la familia del hospicio<\/p>\n\n\t\t<\/div> \n\t<\/div> <div class=\"separator titleborder full_width\" style=\"border-color: #eaf1fa;border-width:11px;margin-top:30px;margin-bottom:30px\"><\/div>\n<div class=\"vc_empty_space\"   style=\"height: 20px\"><span class=\"vc_empty_space_inner\"><\/span><\/div><\/div><\/div><\/div><div class=\"wpb_animate_when_almost_visible wpb_fadeIn fadeIn wpb_column vc_column_container vc_col-sm-6 vc_col-has-fill\"><div class=\"vc_column-inner vc_custom_1570137804447\"><div class=\"wpb_wrapper\"><div class=\"vc_empty_space\"   style=\"height: 450px\"><span class=\"vc_empty_space_inner\"><\/span><\/div><\/div><\/div><\/div><\/div><\/div><div     class=\"vc_row wpb_row section vc_row-fluid fullwidth vc_custom_1570135767131\" style=' text-align:left;'><div class=\"full_section_inner clearfix\"><div class=\"wpb_column vc_column_container vc_col-sm-12\"><div class=\"vc_column-inner\"><div class=\"wpb_wrapper\"><div class=\"vc_empty_space\"   style=\"height: 50px\"><span class=\"vc_empty_space_inner\"><\/span><\/div>\n\t<div class=\"wpb_text_column wpb_content_element\">\n\t\t<div class=\"wpb_wrapper\">\n\t\t\t<h2>\u00bfEst\u00e1 interesado en programar una presentaci\u00f3n gratuita para su grupo?<\/h2>\n\n\t\t<\/div> \n\t<\/div> <div class=\"vc_empty_space\"   style=\"height: 20px\"><span class=\"vc_empty_space_inner\"><\/span><\/div>\n\t<div class=\"wpb_raw_code wpb_content_element wpb_raw_html\" >\n\t\t<div class=\"wpb_wrapper\">\n\t\t\t<h3><a href=\"mailto:communityoutreach@lmvna.org\">\u00a1Cont\u00e1ctanos ahora!<\/a> <i class=\"fa fa-caret-right\" style=\"color: #679ccc; margin-left: 2px; vertical-align: text-bottom;\"><\/i><\/h3>\n\t\t<\/div>\n\t<\/div>\n<div class=\"vc_empty_space\"   style=\"height: 30px\"><span class=\"vc_empty_space_inner\"><\/span><\/div><\/div><\/div><\/div><\/div><\/div><div     class=\"vc_row wpb_row section vc_row-fluid fullwidth\" style=' text-align:left;'><div class=\"full_section_inner clearfix\"><div class=\"wpb_column vc_column_container vc_col-sm-12\"><div class=\"vc_column-inner\"><div class=\"wpb_wrapper\">\n\t<div class=\"wpb_text_column wpb_content_element\">\n\t\t<div class=\"wpb_wrapper\">\n\t\t\t<p>\u00bfNo ves aqu\u00ed ning\u00fan tema que te interese? <span style=\"color: #0057b7;\"><a style=\"color: #0057b7;\" href=\"https:\/\/www.lmvna.org\/es\/contact\/\" target=\"_blank\" rel=\"noopener\">Cont\u00e1ctenos<\/a><\/span> con una solicitud de orador para un tema espec\u00edfico. Intentamos ser flexibles y adaptables para adaptarnos a sus necesidades educativas.<\/p>\n\n\t\t<\/div> \n\t<\/div> <div class=\"vc_empty_space\"   style=\"height: 30px\"><span class=\"vc_empty_space_inner\"><\/span><\/div><div class=\"vc_empty_space\"   style=\"height: 55px\"><span class=\"vc_empty_space_inner\"><\/span><\/div>\n\t<div class=\"wpb_text_column wpb_content_element\">\n\t\t<div class=\"wpb_wrapper\">\n\t\t\t<h4 id=\"5-wishes\" style=\"text-align: center;\"><span style=\"color: #0057b7;\"><a style=\"color: #0057b7;\" href=\"https:\/\/www.lmvna.org\/es\/community\/five-wishes-form\/\">Formulario de pedido del folleto Cinco Deseos<\/a><\/span><\/h4>\n\n\t\t<\/div> \n\t<\/div> <div class=\"vc_empty_space\"   style=\"height: 55px\"><span class=\"vc_empty_space_inner\"><\/span><\/div><\/div><\/div><\/div><\/div><\/div>","protected":false},"excerpt":{"rendered":"Community Outreach As a cornerstone in the community and a leader in quality healthcare we provide free community education programs. Calendar of Events Events Request a Speaker Joint Replacement Seminars At these regularly scheduled seminars, you\u2019ll receive information about how you prepare for knee or...","protected":false},"author":1,"featured_media":0,"parent":0,"menu_order":0,"comment_status":"closed","ping_status":"closed","template":"full_width.php","meta":{"_monsterinsights_skip_tracking":false,"_monsterinsights_sitenote_active":false,"_monsterinsights_sitenote_note":"","_monsterinsights_sitenote_category":0,"footnotes":""},"class_list":["post-1080","page","type-page","status-publish","hentry"],"_links":{"self":[{"href":"https:\/\/www.lmvna.org\/es\/wp-json\/wp\/v2\/pages\/1080"}],"collection":[{"href":"https:\/\/www.lmvna.org\/es\/wp-json\/wp\/v2\/pages"}],"about":[{"href":"https:\/\/www.lmvna.org\/es\/wp-json\/wp\/v2\/types\/page"}],"author":[{"embeddable":true,"href":"https:\/\/www.lmvna.org\/es\/wp-json\/wp\/v2\/users\/1"}],"replies":[{"embeddable":true,"href":"https:\/\/www.lmvna.org\/es\/wp-json\/wp\/v2\/comments?post=1080"}],"version-history":[{"count":99,"href":"https:\/\/www.lmvna.org\/es\/wp-json\/wp\/v2\/pages\/1080\/revisions"}],"predecessor-version":[{"id":16490,"href":"https:\/\/www.lmvna.org\/es\/wp-json\/wp\/v2\/pages\/1080\/revisions\/16490"}],"wp:attachment":[{"href":"https:\/\/www.lmvna.org\/es\/wp-json\/wp\/v2\/media?parent=1080"}],"curies":[{"name":"wp","href":"https:\/\/api.w.org\/{rel}","templated":true}]}}